{"id":7921,"date":"2025-12-22T21:09:26","date_gmt":"2025-12-22T17:09:26","guid":{"rendered":"https:\/\/cobradunesdxb.com\/?post_type=product&#038;p=7921"},"modified":"2025-12-23T16:08:13","modified_gmt":"2025-12-23T12:08:13","slug":"kymco-mxu-250","status":"publish","type":"product","link":"https:\/\/cobradunesdxb.com\/fr\/produit\/kymco-mxu-250\/","title":{"rendered":"Kymco MXU 250"},"content":{"rendered":"<h2>Qu\u2019est-ce qui est inclus ?<\/h2>\n<ul>\n<li><img decoding=\"async\" class=\"emoji\" role=\"img\" draggable=\"false\" src=\"https:\/\/s.w.org\/images\/core\/emoji\/16.0.1\/svg\/1f3e0.svg\" alt=\"\ud83c\udfe0\" \/>\u00a0Transfert priv\u00e9 depuis l\u2019h\u00f4tel\/l\u2019immeuble\u00a0: +300 AED (possibilit\u00e9 de l\u2019ajouter lors du paiement)<\/li>\n<li><img decoding=\"async\" class=\"emoji\" role=\"img\" draggable=\"false\" src=\"https:\/\/s.w.org\/images\/core\/emoji\/16.0.1\/svg\/1f42a.svg\" alt=\"\ud83d\udc2a\" \/>\u00a0Balade \u00e0 dos de chameau<\/li>\n<li><img decoding=\"async\" class=\"emoji\" role=\"img\" draggable=\"false\" src=\"https:\/\/s.w.org\/images\/core\/emoji\/16.0.1\/svg\/1f3c2.svg\" alt=\"\ud83c\udfc2\" \/>\u00a0Surf des sables<\/li>\n<li><img decoding=\"async\" class=\"emoji\" role=\"img\" draggable=\"false\" src=\"https:\/\/s.w.org\/images\/core\/emoji\/16.0.1\/svg\/1f964.svg\" alt=\"\ud83e\udd64\" \/>\u00a0Eau offerte<\/li>\n<li><img decoding=\"async\" class=\"emoji\" role=\"img\" draggable=\"false\" src=\"https:\/\/s.w.org\/images\/core\/emoji\/16.0.1\/svg\/1f985.svg\" alt=\"\ud83e\udd85\" \/>\u00a0Photo avec un faucon<\/li>\n<li><img decoding=\"async\" class=\"emoji\" role=\"img\" draggable=\"false\" src=\"https:\/\/s.w.org\/images\/core\/emoji\/16.0.1\/svg\/1f97d.svg\" alt=\"\ud83e\udd7d\" \/>\u00a0Lunettes et casque fournis<\/li>\n<\/ul>\n","protected":false},"excerpt":{"rendered":"<p>D\u00e9couvrez le d\u00e9sert de Duba\u00ef \u00e0 bord de notre Kymco MXU 250.<\/p>\n","protected":false},"featured_media":7906,"template":"","meta":{"_acf_changed":false},"product_brand":[],"product_cat":[74],"product_tag":[],"class_list":{"0":"post-7921","1":"product","2":"type-product","3":"status-publish","4":"has-post-thumbnail","6":"product_cat-buggy-quad-tours-fr","7":"pa_vehicle-type-kymco-fr","9":"first","10":"instock","11":"virtual","12":"sold-individually","13":"taxable","14":"purchasable","15":"product-type-booking"},"acf":[],"yoast_head":"<!-- This site is optimized with the Yoast SEO plugin v26.8 - https:\/\/yoast.com\/product\/yoast-seo-wordpress\/ -->\n<title>Kymco MXU 250 - Cobra Dunes<\/title>\n<meta name=\"robots\" content=\"index, follow, max-snippet:-1, max-image-preview:large, max-video-preview:-1\" \/>\n<link rel=\"canonical\" href=\"https:\/\/cobradunesdxb.com\/fr\/produit\/kymco-mxu-250\/\" \/>\n<meta property=\"og:locale\" content=\"fr_FR\" \/>\n<meta property=\"og:type\" content=\"article\" \/>\n<meta property=\"og:title\" content=\"Kymco MXU 250 - Cobra Dunes\" \/>\n<meta property=\"og:description\" content=\"D\u00e9couvrez le d\u00e9sert de Duba\u00ef \u00e0 bord de notre Kymco MXU 250.\" \/>\n<meta property=\"og:url\" content=\"https:\/\/cobradunesdxb.com\/fr\/produit\/kymco-mxu-250\/\" \/>\n<meta property=\"og:site_name\" content=\"Cobra Dunes\" \/>\n<meta property=\"article:modified_time\" content=\"2025-12-23T12:08:13+00:00\" \/>\n<meta property=\"og:image\" content=\"https:\/\/s.w.org\/images\/core\/emoji\/16.0.1\/svg\/1f3e0.svg\" \/>\n<meta name=\"twitter:card\" content=\"summary_large_image\" \/>\n<meta name=\"twitter:label1\" content=\"Dur\u00e9e de lecture estim\u00e9e\" \/>\n\t<meta name=\"twitter:data1\" content=\"2 minutes\" \/>\n<script type=\"application\/ld+json\" class=\"yoast-schema-graph\">{\"@context\":\"https:\/\/schema.org\",\"@graph\":[{\"@type\":\"WebPage\",\"@id\":\"https:\/\/cobradunesdxb.com\/fr\/produit\/kymco-mxu-250\/\",\"url\":\"https:\/\/cobradunesdxb.com\/fr\/produit\/kymco-mxu-250\/\",\"name\":\"Kymco MXU 250 - Cobra Dunes\",\"isPartOf\":{\"@id\":\"https:\/\/cobradunesdxb.com\/#website\"},\"primaryImageOfPage\":{\"@id\":\"https:\/\/cobradunesdxb.com\/fr\/produit\/kymco-mxu-250\/#primaryimage\"},\"image\":{\"@id\":\"https:\/\/cobradunesdxb.com\/fr\/produit\/kymco-mxu-250\/#primaryimage\"},\"thumbnailUrl\":\"https:\/\/cobradunesdxb.com\/wp-content\/uploads\/2025\/12\/kymco-quad-ride.webp\",\"datePublished\":\"2025-12-22T17:09:26+00:00\",\"dateModified\":\"2025-12-23T12:08:13+00:00\",\"breadcrumb\":{\"@id\":\"https:\/\/cobradunesdxb.com\/fr\/produit\/kymco-mxu-250\/#breadcrumb\"},\"inLanguage\":\"fr-FR\",\"potentialAction\":[{\"@type\":\"ReadAction\",\"target\":[\"https:\/\/cobradunesdxb.com\/fr\/produit\/kymco-mxu-250\/\"]}]},{\"@type\":\"ImageObject\",\"inLanguage\":\"fr-FR\",\"@id\":\"https:\/\/cobradunesdxb.com\/fr\/produit\/kymco-mxu-250\/#primaryimage\",\"url\":\"https:\/\/cobradunesdxb.com\/wp-content\/uploads\/2025\/12\/kymco-quad-ride.webp\",\"contentUrl\":\"https:\/\/cobradunesdxb.com\/wp-content\/uploads\/2025\/12\/kymco-quad-ride.webp\",\"width\":1440,\"height\":1442},{\"@type\":\"BreadcrumbList\",\"@id\":\"https:\/\/cobradunesdxb.com\/fr\/produit\/kymco-mxu-250\/#breadcrumb\",\"itemListElement\":[{\"@type\":\"ListItem\",\"position\":1,\"name\":\"Home\",\"item\":\"https:\/\/cobradunesdxb.com\/\"},{\"@type\":\"ListItem\",\"position\":2,\"name\":\"Boutique\",\"item\":\"https:\/\/cobradunesdxb.com\/fr\/boutique\/\"},{\"@type\":\"ListItem\",\"position\":3,\"name\":\"Kymco MXU 250\"}]},{\"@type\":\"WebSite\",\"@id\":\"https:\/\/cobradunesdxb.com\/#website\",\"url\":\"https:\/\/cobradunesdxb.com\/\",\"name\":\"Cobra Dunes\",\"description\":\"Premium Desert Experiences\",\"publisher\":{\"@id\":\"https:\/\/cobradunesdxb.com\/#organization\"},\"potentialAction\":[{\"@type\":\"SearchAction\",\"target\":{\"@type\":\"EntryPoint\",\"urlTemplate\":\"https:\/\/cobradunesdxb.com\/?s={search_term_string}\"},\"query-input\":{\"@type\":\"PropertyValueSpecification\",\"valueRequired\":true,\"valueName\":\"search_term_string\"}}],\"inLanguage\":\"fr-FR\"},{\"@type\":\"Organization\",\"@id\":\"https:\/\/cobradunesdxb.com\/#organization\",\"name\":\"Cobra Dunes\",\"url\":\"https:\/\/cobradunesdxb.com\/\",\"logo\":{\"@type\":\"ImageObject\",\"inLanguage\":\"fr-FR\",\"@id\":\"https:\/\/cobradunesdxb.com\/#\/schema\/logo\/image\/\",\"url\":\"https:\/\/cobradunesdxb.com\/wp-content\/uploads\/2025\/11\/cropped-CobraDunes-logo1.webp\",\"contentUrl\":\"https:\/\/cobradunesdxb.com\/wp-content\/uploads\/2025\/11\/cropped-CobraDunes-logo1.webp\",\"width\":494,\"height\":405,\"caption\":\"Cobra Dunes\"},\"image\":{\"@id\":\"https:\/\/cobradunesdxb.com\/#\/schema\/logo\/image\/\"}}]}<\/script>\n<!-- \/ Yoast SEO plugin. -->","yoast_head_json":{"title":"Kymco MXU 250 - Cobra Dunes","robots":{"index":"index","follow":"follow","max-snippet":"max-snippet:-1","max-image-preview":"max-image-preview:large","max-video-preview":"max-video-preview:-1"},"canonical":"https:\/\/cobradunesdxb.com\/fr\/produit\/kymco-mxu-250\/","og_locale":"fr_FR","og_type":"article","og_title":"Kymco MXU 250 - Cobra Dunes","og_description":"D\u00e9couvrez le d\u00e9sert de Duba\u00ef \u00e0 bord de notre Kymco MXU 250.","og_url":"https:\/\/cobradunesdxb.com\/fr\/produit\/kymco-mxu-250\/","og_site_name":"Cobra Dunes","article_modified_time":"2025-12-23T12:08:13+00:00","og_image":[{"url":"https:\/\/s.w.org\/images\/core\/emoji\/16.0.1\/svg\/1f3e0.svg","type":"","width":"","height":""}],"twitter_card":"summary_large_image","twitter_misc":{"Dur\u00e9e de lecture estim\u00e9e":"2 minutes"},"schema":{"@context":"https:\/\/schema.org","@graph":[{"@type":"WebPage","@id":"https:\/\/cobradunesdxb.com\/fr\/produit\/kymco-mxu-250\/","url":"https:\/\/cobradunesdxb.com\/fr\/produit\/kymco-mxu-250\/","name":"Kymco MXU 250 - Cobra Dunes","isPartOf":{"@id":"https:\/\/cobradunesdxb.com\/#website"},"primaryImageOfPage":{"@id":"https:\/\/cobradunesdxb.com\/fr\/produit\/kymco-mxu-250\/#primaryimage"},"image":{"@id":"https:\/\/cobradunesdxb.com\/fr\/produit\/kymco-mxu-250\/#primaryimage"},"thumbnailUrl":"https:\/\/cobradunesdxb.com\/wp-content\/uploads\/2025\/12\/kymco-quad-ride.webp","datePublished":"2025-12-22T17:09:26+00:00","dateModified":"2025-12-23T12:08:13+00:00","breadcrumb":{"@id":"https:\/\/cobradunesdxb.com\/fr\/produit\/kymco-mxu-250\/#breadcrumb"},"inLanguage":"fr-FR","potentialAction":[{"@type":"ReadAction","target":["https:\/\/cobradunesdxb.com\/fr\/produit\/kymco-mxu-250\/"]}]},{"@type":"ImageObject","inLanguage":"fr-FR","@id":"https:\/\/cobradunesdxb.com\/fr\/produit\/kymco-mxu-250\/#primaryimage","url":"https:\/\/cobradunesdxb.com\/wp-content\/uploads\/2025\/12\/kymco-quad-ride.webp","contentUrl":"https:\/\/cobradunesdxb.com\/wp-content\/uploads\/2025\/12\/kymco-quad-ride.webp","width":1440,"height":1442},{"@type":"BreadcrumbList","@id":"https:\/\/cobradunesdxb.com\/fr\/produit\/kymco-mxu-250\/#breadcrumb","itemListElement":[{"@type":"ListItem","position":1,"name":"Home","item":"https:\/\/cobradunesdxb.com\/"},{"@type":"ListItem","position":2,"name":"Boutique","item":"https:\/\/cobradunesdxb.com\/fr\/boutique\/"},{"@type":"ListItem","position":3,"name":"Kymco MXU 250"}]},{"@type":"WebSite","@id":"https:\/\/cobradunesdxb.com\/#website","url":"https:\/\/cobradunesdxb.com\/","name":"Cobra Dunes","description":"Premium Desert Experiences","publisher":{"@id":"https:\/\/cobradunesdxb.com\/#organization"},"potentialAction":[{"@type":"SearchAction","target":{"@type":"EntryPoint","urlTemplate":"https:\/\/cobradunesdxb.com\/?s={search_term_string}"},"query-input":{"@type":"PropertyValueSpecification","valueRequired":true,"valueName":"search_term_string"}}],"inLanguage":"fr-FR"},{"@type":"Organization","@id":"https:\/\/cobradunesdxb.com\/#organization","name":"Cobra Dunes","url":"https:\/\/cobradunesdxb.com\/","logo":{"@type":"ImageObject","inLanguage":"fr-FR","@id":"https:\/\/cobradunesdxb.com\/#\/schema\/logo\/image\/","url":"https:\/\/cobradunesdxb.com\/wp-content\/uploads\/2025\/11\/cropped-CobraDunes-logo1.webp","contentUrl":"https:\/\/cobradunesdxb.com\/wp-content\/uploads\/2025\/11\/cropped-CobraDunes-logo1.webp","width":494,"height":405,"caption":"Cobra Dunes"},"image":{"@id":"https:\/\/cobradunesdxb.com\/#\/schema\/logo\/image\/"}}]}},"_links":{"self":[{"href":"https:\/\/cobradunesdxb.com\/fr\/wp-json\/wp\/v2\/product\/7921","targetHints":{"allow":["GET"]}}],"collection":[{"href":"https:\/\/cobradunesdxb.com\/fr\/wp-json\/wp\/v2\/product"}],"about":[{"href":"https:\/\/cobradunesdxb.com\/fr\/wp-json\/wp\/v2\/types\/product"}],"wp:featuredmedia":[{"embeddable":true,"href":"https:\/\/cobradunesdxb.com\/fr\/wp-json\/wp\/v2\/media\/7906"}],"wp:attachment":[{"href":"https:\/\/cobradunesdxb.com\/fr\/wp-json\/wp\/v2\/media?parent=7921"}],"wp:term":[{"taxonomy":"product_brand","embeddable":true,"href":"https:\/\/cobradunesdxb.com\/fr\/wp-json\/wp\/v2\/product_brand?post=7921"},{"taxonomy":"product_cat","embeddable":true,"href":"https:\/\/cobradunesdxb.com\/fr\/wp-json\/wp\/v2\/product_cat?post=7921"},{"taxonomy":"product_tag","embeddable":true,"href":"https:\/\/cobradunesdxb.com\/fr\/wp-json\/wp\/v2\/product_tag?post=7921"}],"curies":[{"name":"wp","href":"https:\/\/api.w.org\/{rel}","templated":true}]}}