{"id":7766,"date":"2025-11-18T18:08:24","date_gmt":"2025-11-18T14:08:24","guid":{"rendered":"https:\/\/cobradunesdxb.com\/?post_type=product&#038;p=7766"},"modified":"2025-12-20T16:33:20","modified_gmt":"2025-12-20T12:33:20","slug":"can-am-maverick-3x-turbo-rr-4-places","status":"publish","type":"product","link":"https:\/\/cobradunesdxb.com\/fr\/produit\/can-am-maverick-3x-turbo-rr-4-places\/","title":{"rendered":"CAN AM Maverick 3X turbo RR 4 places"},"content":{"rendered":"<h2>Qu\u2019est-ce qui est inclus ?<\/h2>\n<ul>\n<li>\ud83c\udfe0 Transfert priv\u00e9 depuis l\u2019h\u00f4tel\/l\u2019immeuble\u00a0: +300 AED (possibilit\u00e9 de l\u2019ajouter lors du paiement)<\/li>\n<li>\ud83d\udc2a Balade \u00e0 dos de chameau<\/li>\n<li>\ud83c\udfc2 Surf des sables<\/li>\n<li>\ud83e\udd64 Eau offerte<\/li>\n<li>\ud83e\udd85 Photo avec un faucon<\/li>\n<li>\ud83e\udd7d Lunettes et casque fournis<\/li>\n<\/ul>\n","protected":false},"excerpt":{"rendered":"<p>D\u00e9couvrez le d\u00e9sert de Duba\u00ef \u00e0 bord de notre CAN AM Maverick 3X turbo RR de 4 places.<\/p>\n","protected":false},"featured_media":827,"template":"","meta":{"_acf_changed":false},"product_brand":[],"product_cat":[74],"product_tag":[],"class_list":{"0":"post-7766","1":"product","2":"type-product","3":"status-publish","4":"has-post-thumbnail","6":"product_cat-buggy-quad-tours-fr","7":"pa_vehicle-type-can-am-fr","9":"first","10":"instock","11":"virtual","12":"sold-individually","13":"taxable","14":"purchasable","15":"product-type-booking"},"acf":[],"yoast_head":"<!-- This site is optimized with the Yoast SEO plugin v26.8 - https:\/\/yoast.com\/product\/yoast-seo-wordpress\/ -->\n<title>CAN AM Maverick 3X turbo RR 4 places - Cobra Dunes<\/title>\n<meta name=\"robots\" content=\"index, follow, max-snippet:-1, max-image-preview:large, max-video-preview:-1\" \/>\n<link rel=\"canonical\" href=\"https:\/\/cobradunesdxb.com\/fr\/produit\/can-am-maverick-3x-turbo-rr-4-places\/\" \/>\n<meta property=\"og:locale\" content=\"fr_FR\" \/>\n<meta property=\"og:type\" content=\"article\" \/>\n<meta property=\"og:title\" content=\"CAN AM Maverick 3X turbo RR 4 places - Cobra Dunes\" \/>\n<meta property=\"og:description\" content=\"D\u00e9couvrez le d\u00e9sert de Duba\u00ef \u00e0 bord de notre CAN AM Maverick 3X turbo RR de 4 places.\" \/>\n<meta property=\"og:url\" content=\"https:\/\/cobradunesdxb.com\/fr\/produit\/can-am-maverick-3x-turbo-rr-4-places\/\" \/>\n<meta property=\"og:site_name\" content=\"Cobra Dunes\" \/>\n<meta property=\"article:modified_time\" content=\"2025-12-20T12:33:20+00:00\" \/>\n<meta name=\"twitter:card\" content=\"summary_large_image\" \/>\n<meta name=\"twitter:label1\" content=\"Dur\u00e9e de lecture estim\u00e9e\" \/>\n\t<meta name=\"twitter:data1\" content=\"1 minute\" \/>\n<script type=\"application\/ld+json\" class=\"yoast-schema-graph\">{\"@context\":\"https:\/\/schema.org\",\"@graph\":[{\"@type\":\"WebPage\",\"@id\":\"https:\/\/cobradunesdxb.com\/fr\/produit\/can-am-maverick-3x-turbo-rr-4-places\/\",\"url\":\"https:\/\/cobradunesdxb.com\/fr\/produit\/can-am-maverick-3x-turbo-rr-4-places\/\",\"name\":\"CAN AM Maverick 3X turbo RR 4 places - Cobra Dunes\",\"isPartOf\":{\"@id\":\"https:\/\/cobradunesdxb.com\/#website\"},\"primaryImageOfPage\":{\"@id\":\"https:\/\/cobradunesdxb.com\/fr\/produit\/can-am-maverick-3x-turbo-rr-4-places\/#primaryimage\"},\"image\":{\"@id\":\"https:\/\/cobradunesdxb.com\/fr\/produit\/can-am-maverick-3x-turbo-rr-4-places\/#primaryimage\"},\"thumbnailUrl\":\"https:\/\/cobradunesdxb.com\/wp-content\/uploads\/2025\/11\/CAN-AM-Maverick-3X-turbo-RR-4-seater-.webp\",\"datePublished\":\"2025-11-18T14:08:24+00:00\",\"dateModified\":\"2025-12-20T12:33:20+00:00\",\"breadcrumb\":{\"@id\":\"https:\/\/cobradunesdxb.com\/fr\/produit\/can-am-maverick-3x-turbo-rr-4-places\/#breadcrumb\"},\"inLanguage\":\"fr-FR\",\"potentialAction\":[{\"@type\":\"ReadAction\",\"target\":[\"https:\/\/cobradunesdxb.com\/fr\/produit\/can-am-maverick-3x-turbo-rr-4-places\/\"]}]},{\"@type\":\"ImageObject\",\"inLanguage\":\"fr-FR\",\"@id\":\"https:\/\/cobradunesdxb.com\/fr\/produit\/can-am-maverick-3x-turbo-rr-4-places\/#primaryimage\",\"url\":\"https:\/\/cobradunesdxb.com\/wp-content\/uploads\/2025\/11\/CAN-AM-Maverick-3X-turbo-RR-4-seater-.webp\",\"contentUrl\":\"https:\/\/cobradunesdxb.com\/wp-content\/uploads\/2025\/11\/CAN-AM-Maverick-3X-turbo-RR-4-seater-.webp\",\"width\":1280,\"height\":1300},{\"@type\":\"BreadcrumbList\",\"@id\":\"https:\/\/cobradunesdxb.com\/fr\/produit\/can-am-maverick-3x-turbo-rr-4-places\/#breadcrumb\",\"itemListElement\":[{\"@type\":\"ListItem\",\"position\":1,\"name\":\"Home\",\"item\":\"https:\/\/cobradunesdxb.com\/\"},{\"@type\":\"ListItem\",\"position\":2,\"name\":\"Boutique\",\"item\":\"https:\/\/cobradunesdxb.com\/fr\/boutique\/\"},{\"@type\":\"ListItem\",\"position\":3,\"name\":\"CAN AM Maverick 3X turbo RR 4 places\"}]},{\"@type\":\"WebSite\",\"@id\":\"https:\/\/cobradunesdxb.com\/#website\",\"url\":\"https:\/\/cobradunesdxb.com\/\",\"name\":\"Cobra Dunes\",\"description\":\"Premium Desert Experiences\",\"publisher\":{\"@id\":\"https:\/\/cobradunesdxb.com\/#organization\"},\"potentialAction\":[{\"@type\":\"SearchAction\",\"target\":{\"@type\":\"EntryPoint\",\"urlTemplate\":\"https:\/\/cobradunesdxb.com\/?s={search_term_string}\"},\"query-input\":{\"@type\":\"PropertyValueSpecification\",\"valueRequired\":true,\"valueName\":\"search_term_string\"}}],\"inLanguage\":\"fr-FR\"},{\"@type\":\"Organization\",\"@id\":\"https:\/\/cobradunesdxb.com\/#organization\",\"name\":\"Cobra Dunes\",\"url\":\"https:\/\/cobradunesdxb.com\/\",\"logo\":{\"@type\":\"ImageObject\",\"inLanguage\":\"fr-FR\",\"@id\":\"https:\/\/cobradunesdxb.com\/#\/schema\/logo\/image\/\",\"url\":\"https:\/\/cobradunesdxb.com\/wp-content\/uploads\/2025\/11\/cropped-CobraDunes-logo1.webp\",\"contentUrl\":\"https:\/\/cobradunesdxb.com\/wp-content\/uploads\/2025\/11\/cropped-CobraDunes-logo1.webp\",\"width\":494,\"height\":405,\"caption\":\"Cobra Dunes\"},\"image\":{\"@id\":\"https:\/\/cobradunesdxb.com\/#\/schema\/logo\/image\/\"}}]}<\/script>\n<!-- \/ Yoast SEO plugin. -->","yoast_head_json":{"title":"CAN AM Maverick 3X turbo RR 4 places - Cobra Dunes","robots":{"index":"index","follow":"follow","max-snippet":"max-snippet:-1","max-image-preview":"max-image-preview:large","max-video-preview":"max-video-preview:-1"},"canonical":"https:\/\/cobradunesdxb.com\/fr\/produit\/can-am-maverick-3x-turbo-rr-4-places\/","og_locale":"fr_FR","og_type":"article","og_title":"CAN AM Maverick 3X turbo RR 4 places - Cobra Dunes","og_description":"D\u00e9couvrez le d\u00e9sert de Duba\u00ef \u00e0 bord de notre CAN AM Maverick 3X turbo RR de 4 places.","og_url":"https:\/\/cobradunesdxb.com\/fr\/produit\/can-am-maverick-3x-turbo-rr-4-places\/","og_site_name":"Cobra Dunes","article_modified_time":"2025-12-20T12:33:20+00:00","twitter_card":"summary_large_image","twitter_misc":{"Dur\u00e9e de lecture estim\u00e9e":"1 minute"},"schema":{"@context":"https:\/\/schema.org","@graph":[{"@type":"WebPage","@id":"https:\/\/cobradunesdxb.com\/fr\/produit\/can-am-maverick-3x-turbo-rr-4-places\/","url":"https:\/\/cobradunesdxb.com\/fr\/produit\/can-am-maverick-3x-turbo-rr-4-places\/","name":"CAN AM Maverick 3X turbo RR 4 places - Cobra Dunes","isPartOf":{"@id":"https:\/\/cobradunesdxb.com\/#website"},"primaryImageOfPage":{"@id":"https:\/\/cobradunesdxb.com\/fr\/produit\/can-am-maverick-3x-turbo-rr-4-places\/#primaryimage"},"image":{"@id":"https:\/\/cobradunesdxb.com\/fr\/produit\/can-am-maverick-3x-turbo-rr-4-places\/#primaryimage"},"thumbnailUrl":"https:\/\/cobradunesdxb.com\/wp-content\/uploads\/2025\/11\/CAN-AM-Maverick-3X-turbo-RR-4-seater-.webp","datePublished":"2025-11-18T14:08:24+00:00","dateModified":"2025-12-20T12:33:20+00:00","breadcrumb":{"@id":"https:\/\/cobradunesdxb.com\/fr\/produit\/can-am-maverick-3x-turbo-rr-4-places\/#breadcrumb"},"inLanguage":"fr-FR","potentialAction":[{"@type":"ReadAction","target":["https:\/\/cobradunesdxb.com\/fr\/produit\/can-am-maverick-3x-turbo-rr-4-places\/"]}]},{"@type":"ImageObject","inLanguage":"fr-FR","@id":"https:\/\/cobradunesdxb.com\/fr\/produit\/can-am-maverick-3x-turbo-rr-4-places\/#primaryimage","url":"https:\/\/cobradunesdxb.com\/wp-content\/uploads\/2025\/11\/CAN-AM-Maverick-3X-turbo-RR-4-seater-.webp","contentUrl":"https:\/\/cobradunesdxb.com\/wp-content\/uploads\/2025\/11\/CAN-AM-Maverick-3X-turbo-RR-4-seater-.webp","width":1280,"height":1300},{"@type":"BreadcrumbList","@id":"https:\/\/cobradunesdxb.com\/fr\/produit\/can-am-maverick-3x-turbo-rr-4-places\/#breadcrumb","itemListElement":[{"@type":"ListItem","position":1,"name":"Home","item":"https:\/\/cobradunesdxb.com\/"},{"@type":"ListItem","position":2,"name":"Boutique","item":"https:\/\/cobradunesdxb.com\/fr\/boutique\/"},{"@type":"ListItem","position":3,"name":"CAN AM Maverick 3X turbo RR 4 places"}]},{"@type":"WebSite","@id":"https:\/\/cobradunesdxb.com\/#website","url":"https:\/\/cobradunesdxb.com\/","name":"Cobra Dunes","description":"Premium Desert Experiences","publisher":{"@id":"https:\/\/cobradunesdxb.com\/#organization"},"potentialAction":[{"@type":"SearchAction","target":{"@type":"EntryPoint","urlTemplate":"https:\/\/cobradunesdxb.com\/?s={search_term_string}"},"query-input":{"@type":"PropertyValueSpecification","valueRequired":true,"valueName":"search_term_string"}}],"inLanguage":"fr-FR"},{"@type":"Organization","@id":"https:\/\/cobradunesdxb.com\/#organization","name":"Cobra Dunes","url":"https:\/\/cobradunesdxb.com\/","logo":{"@type":"ImageObject","inLanguage":"fr-FR","@id":"https:\/\/cobradunesdxb.com\/#\/schema\/logo\/image\/","url":"https:\/\/cobradunesdxb.com\/wp-content\/uploads\/2025\/11\/cropped-CobraDunes-logo1.webp","contentUrl":"https:\/\/cobradunesdxb.com\/wp-content\/uploads\/2025\/11\/cropped-CobraDunes-logo1.webp","width":494,"height":405,"caption":"Cobra Dunes"},"image":{"@id":"https:\/\/cobradunesdxb.com\/#\/schema\/logo\/image\/"}}]}},"_links":{"self":[{"href":"https:\/\/cobradunesdxb.com\/fr\/wp-json\/wp\/v2\/product\/7766","targetHints":{"allow":["GET"]}}],"collection":[{"href":"https:\/\/cobradunesdxb.com\/fr\/wp-json\/wp\/v2\/product"}],"about":[{"href":"https:\/\/cobradunesdxb.com\/fr\/wp-json\/wp\/v2\/types\/product"}],"wp:featuredmedia":[{"embeddable":true,"href":"https:\/\/cobradunesdxb.com\/fr\/wp-json\/wp\/v2\/media\/827"}],"wp:attachment":[{"href":"https:\/\/cobradunesdxb.com\/fr\/wp-json\/wp\/v2\/media?parent=7766"}],"wp:term":[{"taxonomy":"product_brand","embeddable":true,"href":"https:\/\/cobradunesdxb.com\/fr\/wp-json\/wp\/v2\/product_brand?post=7766"},{"taxonomy":"product_cat","embeddable":true,"href":"https:\/\/cobradunesdxb.com\/fr\/wp-json\/wp\/v2\/product_cat?post=7766"},{"taxonomy":"product_tag","embeddable":true,"href":"https:\/\/cobradunesdxb.com\/fr\/wp-json\/wp\/v2\/product_tag?post=7766"}],"curies":[{"name":"wp","href":"https:\/\/api.w.org\/{rel}","templated":true}]}}