{"id":7504,"date":"2025-11-24T19:37:50","date_gmt":"2025-11-24T15:37:50","guid":{"rendered":"https:\/\/cobradunesdxb.com\/safari-de-luxe-dans-le-desert-balade-en-polaris-4-places-30-min\/"},"modified":"2025-11-24T19:37:50","modified_gmt":"2025-11-24T15:37:50","slug":"safari-de-luxe-dans-le-desert-balade-en-polaris-4-places-30-min","status":"publish","type":"product","link":"https:\/\/cobradunesdxb.com\/fr\/produit\/safari-de-luxe-dans-le-desert-balade-en-polaris-4-places-30-min\/","title":{"rendered":"Safari de luxe dans le d\u00e9sert + balade en Polaris 4 places (30 min)"},"content":{"rendered":"<p>Cette aventure palpitante allie sensations fortes et immersion culturelle, pour une exp\u00e9rience inoubliable. Traversez des paysages \u00e0 couper le souffle, vivez des activit\u00e9s riches en adr\u00e9naline et d\u00e9tendez-vous dans un campement b\u00e9douin traditionnel pour une soir\u00e9e m\u00e9morable. Que vous soyez en qu\u00eate d&rsquo;aventure ou passionn\u00e9 de culture, notre safari dans <strong>le d\u00e9sert de Duba\u00ef<\/strong> vous promet des souvenirs imp\u00e9rissables.  <\/p>\n<p>Prise en charge de luxe 14h15 \u2013 14h45 : Un v\u00e9hicule 4&#215;4 Land Cruiser ou un v\u00e9hicule priv\u00e9 viendra vous chercher \u00e0 votre h\u00f4tel ou r\u00e9sidence. Profitez d\u2019un trajet confortable \u00e0 travers les magnifiques paysages d\u00e9sertiques de Duba\u00ef.<\/p>\n<p><span style=\"font-weight: 400;\">Vivez une exp\u00e9rience riche en adr\u00e9naline lors d&rsquo;une session de conduite en 4&#215;4 dans les dunes, encadr\u00e9e par des pilotes professionnels, suivie d&rsquo;un arr\u00eat photo sur les dunes dor\u00e9es pour immortaliser les superbes paysages d\u00e9sertiques.<\/span><\/p>\n<p><span style=\"font-weight: 400;\">\ud83c\udfdc\ufe0f<\/span><span style=\"font-weight: 400;\">\u26fa\ufe0f<\/span><span style=\"font-weight: 400;\"> <\/span>Arrivez dans notre campement de luxe exclusif en plein d\u00e9sert. Profitez d&rsquo;une balade \u00e0 dos de chameau tout en savourant un caf\u00e9 arabe et des dattes. D\u00e9tendez-vous et d\u00e9gustez des boissons et des en-cas de qualit\u00e9 sup\u00e9rieure.<\/p>\n<p>\ud83e\udd57Salades arabes <span style=\"font-weight: 400;\"> <\/span>\ud83c\udf7d\ufe0f\ud83c\udf56 Barbecue gastronomique en direct, d\u00eener haut de gamme et animations. Offrez-vous un buffet 5 \u00e9toiles et un d\u00eener barbecue. Choisissez parmi une vari\u00e9t\u00e9 de plats internationaux et arabes, des desserts et des fruits, accompagn\u00e9s de boissons non alcoolis\u00e9es et d&rsquo;eau \u00e0 volont\u00e9.<\/p>\n<p>Profitez de spectacles en direct de classe mondiale, notamment : danse arabe locale, danse du ventre, spectacle de feu, danse Tanoura et tatouages \u200b\u200bau henn\u00e9 (petits).<\/p>\n<p>Retour \u00e0 l&rsquo;h\u00f4tel entre 22h00 et 22h30 : Votre chauffeur vous raccompagnera \u00e0 votre h\u00f4tel ou r\u00e9sidence apr\u00e8s une soir\u00e9e inoubliable de luxe et d&rsquo;aventure.<\/p>\n","protected":false},"excerpt":{"rendered":"<p>Cette aventure palpitante allie sensations fortes et immersion culturelle, pour une exp\u00e9rience inoubliable. Traversez des paysages \u00e0 couper le souffle, vivez des activit\u00e9s riches en adr\u00e9naline et d\u00e9tendez-vous dans un campement b\u00e9douin traditionnel pour une soir\u00e9e m\u00e9morable. Que vous soyez en qu\u00eate d&rsquo;aventure ou passionn\u00e9 de culture, notre safari dans le d\u00e9sert de Duba\u00ef vous [&hellip;]<\/p>\n","protected":false},"featured_media":7232,"template":"","meta":{"_acf_changed":false},"product_brand":[],"product_cat":[97],"product_tag":[],"class_list":{"0":"post-7504","1":"product","2":"type-product","3":"status-publish","4":"has-post-thumbnail","6":"product_cat-safari-dans-le-desert","7":"pa_desert-safari-type-de-luxe-polaris","9":"first","10":"instock","11":"virtual","12":"sold-individually","13":"taxable","14":"purchasable","15":"product-type-booking"},"acf":[],"yoast_head":"<!-- This site is optimized with the Yoast SEO plugin v26.8 - https:\/\/yoast.com\/product\/yoast-seo-wordpress\/ -->\n<title>Safari de luxe dans le d\u00e9sert + balade en Polaris 4 places (30 min) - Cobra Dunes<\/title>\n<meta name=\"robots\" content=\"index, follow, max-snippet:-1, max-image-preview:large, max-video-preview:-1\" \/>\n<link rel=\"canonical\" href=\"https:\/\/cobradunesdxb.com\/fr\/produit\/safari-de-luxe-dans-le-desert-balade-en-polaris-4-places-30-min\/\" \/>\n<meta property=\"og:locale\" content=\"fr_FR\" \/>\n<meta property=\"og:type\" content=\"article\" \/>\n<meta property=\"og:title\" content=\"Safari de luxe dans le d\u00e9sert + balade en Polaris 4 places (30 min) - Cobra Dunes\" \/>\n<meta property=\"og:description\" content=\"Cette aventure palpitante allie sensations fortes et immersion culturelle, pour une exp\u00e9rience inoubliable. Traversez des paysages \u00e0 couper le souffle, vivez des activit\u00e9s riches en adr\u00e9naline et d\u00e9tendez-vous dans un campement b\u00e9douin traditionnel pour une soir\u00e9e m\u00e9morable. Que vous soyez en qu\u00eate d&rsquo;aventure ou passionn\u00e9 de culture, notre safari dans le d\u00e9sert de Duba\u00ef vous [&hellip;]\" \/>\n<meta property=\"og:url\" content=\"https:\/\/cobradunesdxb.com\/fr\/produit\/safari-de-luxe-dans-le-desert-balade-en-polaris-4-places-30-min\/\" \/>\n<meta property=\"og:site_name\" content=\"Cobra Dunes\" \/>\n<meta property=\"og:image\" content=\"https:\/\/cobradunesdxb.com\/wp-content\/uploads\/2025\/11\/Polaris-RZR-4-seater.webp\" \/>\n\t<meta property=\"og:image:width\" content=\"1728\" \/>\n\t<meta property=\"og:image:height\" content=\"1920\" \/>\n\t<meta property=\"og:image:type\" content=\"image\/webp\" \/>\n<meta name=\"twitter:card\" content=\"summary_large_image\" \/>\n<meta name=\"twitter:label1\" content=\"Dur\u00e9e de lecture estim\u00e9e\" \/>\n\t<meta name=\"twitter:data1\" content=\"1 minute\" \/>\n<script type=\"application\/ld+json\" class=\"yoast-schema-graph\">{\"@context\":\"https:\/\/schema.org\",\"@graph\":[{\"@type\":\"WebPage\",\"@id\":\"https:\/\/cobradunesdxb.com\/fr\/produit\/safari-de-luxe-dans-le-desert-balade-en-polaris-4-places-30-min\/\",\"url\":\"https:\/\/cobradunesdxb.com\/fr\/produit\/safari-de-luxe-dans-le-desert-balade-en-polaris-4-places-30-min\/\",\"name\":\"Safari de luxe dans le d\u00e9sert + balade en Polaris 4 places (30 min) - Cobra Dunes\",\"isPartOf\":{\"@id\":\"https:\/\/cobradunesdxb.com\/#website\"},\"primaryImageOfPage\":{\"@id\":\"https:\/\/cobradunesdxb.com\/fr\/produit\/safari-de-luxe-dans-le-desert-balade-en-polaris-4-places-30-min\/#primaryimage\"},\"image\":{\"@id\":\"https:\/\/cobradunesdxb.com\/fr\/produit\/safari-de-luxe-dans-le-desert-balade-en-polaris-4-places-30-min\/#primaryimage\"},\"thumbnailUrl\":\"https:\/\/cobradunesdxb.com\/wp-content\/uploads\/2025\/11\/Polaris-RZR-4-seater.webp\",\"datePublished\":\"2025-11-24T15:37:50+00:00\",\"breadcrumb\":{\"@id\":\"https:\/\/cobradunesdxb.com\/fr\/produit\/safari-de-luxe-dans-le-desert-balade-en-polaris-4-places-30-min\/#breadcrumb\"},\"inLanguage\":\"fr-FR\",\"potentialAction\":[{\"@type\":\"ReadAction\",\"target\":[\"https:\/\/cobradunesdxb.com\/fr\/produit\/safari-de-luxe-dans-le-desert-balade-en-polaris-4-places-30-min\/\"]}]},{\"@type\":\"ImageObject\",\"inLanguage\":\"fr-FR\",\"@id\":\"https:\/\/cobradunesdxb.com\/fr\/produit\/safari-de-luxe-dans-le-desert-balade-en-polaris-4-places-30-min\/#primaryimage\",\"url\":\"https:\/\/cobradunesdxb.com\/wp-content\/uploads\/2025\/11\/Polaris-RZR-4-seater.webp\",\"contentUrl\":\"https:\/\/cobradunesdxb.com\/wp-content\/uploads\/2025\/11\/Polaris-RZR-4-seater.webp\",\"width\":1728,\"height\":1920},{\"@type\":\"BreadcrumbList\",\"@id\":\"https:\/\/cobradunesdxb.com\/fr\/produit\/safari-de-luxe-dans-le-desert-balade-en-polaris-4-places-30-min\/#breadcrumb\",\"itemListElement\":[{\"@type\":\"ListItem\",\"position\":1,\"name\":\"Home\",\"item\":\"https:\/\/cobradunesdxb.com\/\"},{\"@type\":\"ListItem\",\"position\":2,\"name\":\"Boutique\",\"item\":\"https:\/\/cobradunesdxb.com\/fr\/boutique\/\"},{\"@type\":\"ListItem\",\"position\":3,\"name\":\"Safari de luxe dans le d\u00e9sert + balade en Polaris 4 places (30 min)\"}]},{\"@type\":\"WebSite\",\"@id\":\"https:\/\/cobradunesdxb.com\/#website\",\"url\":\"https:\/\/cobradunesdxb.com\/\",\"name\":\"Cobra Dunes\",\"description\":\"Premium Desert Experiences\",\"publisher\":{\"@id\":\"https:\/\/cobradunesdxb.com\/#organization\"},\"potentialAction\":[{\"@type\":\"SearchAction\",\"target\":{\"@type\":\"EntryPoint\",\"urlTemplate\":\"https:\/\/cobradunesdxb.com\/?s={search_term_string}\"},\"query-input\":{\"@type\":\"PropertyValueSpecification\",\"valueRequired\":true,\"valueName\":\"search_term_string\"}}],\"inLanguage\":\"fr-FR\"},{\"@type\":\"Organization\",\"@id\":\"https:\/\/cobradunesdxb.com\/#organization\",\"name\":\"Cobra Dunes\",\"url\":\"https:\/\/cobradunesdxb.com\/\",\"logo\":{\"@type\":\"ImageObject\",\"inLanguage\":\"fr-FR\",\"@id\":\"https:\/\/cobradunesdxb.com\/#\/schema\/logo\/image\/\",\"url\":\"https:\/\/cobradunesdxb.com\/wp-content\/uploads\/2025\/11\/cropped-CobraDunes-logo1.webp\",\"contentUrl\":\"https:\/\/cobradunesdxb.com\/wp-content\/uploads\/2025\/11\/cropped-CobraDunes-logo1.webp\",\"width\":494,\"height\":405,\"caption\":\"Cobra Dunes\"},\"image\":{\"@id\":\"https:\/\/cobradunesdxb.com\/#\/schema\/logo\/image\/\"}}]}<\/script>\n<!-- \/ Yoast SEO plugin. -->","yoast_head_json":{"title":"Safari de luxe dans le d\u00e9sert + balade en Polaris 4 places (30 min) - Cobra Dunes","robots":{"index":"index","follow":"follow","max-snippet":"max-snippet:-1","max-image-preview":"max-image-preview:large","max-video-preview":"max-video-preview:-1"},"canonical":"https:\/\/cobradunesdxb.com\/fr\/produit\/safari-de-luxe-dans-le-desert-balade-en-polaris-4-places-30-min\/","og_locale":"fr_FR","og_type":"article","og_title":"Safari de luxe dans le d\u00e9sert + balade en Polaris 4 places (30 min) - Cobra Dunes","og_description":"Cette aventure palpitante allie sensations fortes et immersion culturelle, pour une exp\u00e9rience inoubliable. Traversez des paysages \u00e0 couper le souffle, vivez des activit\u00e9s riches en adr\u00e9naline et d\u00e9tendez-vous dans un campement b\u00e9douin traditionnel pour une soir\u00e9e m\u00e9morable. Que vous soyez en qu\u00eate d&rsquo;aventure ou passionn\u00e9 de culture, notre safari dans le d\u00e9sert de Duba\u00ef vous [&hellip;]","og_url":"https:\/\/cobradunesdxb.com\/fr\/produit\/safari-de-luxe-dans-le-desert-balade-en-polaris-4-places-30-min\/","og_site_name":"Cobra Dunes","og_image":[{"width":1728,"height":1920,"url":"https:\/\/cobradunesdxb.com\/wp-content\/uploads\/2025\/11\/Polaris-RZR-4-seater.webp","type":"image\/webp"}],"twitter_card":"summary_large_image","twitter_misc":{"Dur\u00e9e de lecture estim\u00e9e":"1 minute"},"schema":{"@context":"https:\/\/schema.org","@graph":[{"@type":"WebPage","@id":"https:\/\/cobradunesdxb.com\/fr\/produit\/safari-de-luxe-dans-le-desert-balade-en-polaris-4-places-30-min\/","url":"https:\/\/cobradunesdxb.com\/fr\/produit\/safari-de-luxe-dans-le-desert-balade-en-polaris-4-places-30-min\/","name":"Safari de luxe dans le d\u00e9sert + balade en Polaris 4 places (30 min) - Cobra Dunes","isPartOf":{"@id":"https:\/\/cobradunesdxb.com\/#website"},"primaryImageOfPage":{"@id":"https:\/\/cobradunesdxb.com\/fr\/produit\/safari-de-luxe-dans-le-desert-balade-en-polaris-4-places-30-min\/#primaryimage"},"image":{"@id":"https:\/\/cobradunesdxb.com\/fr\/produit\/safari-de-luxe-dans-le-desert-balade-en-polaris-4-places-30-min\/#primaryimage"},"thumbnailUrl":"https:\/\/cobradunesdxb.com\/wp-content\/uploads\/2025\/11\/Polaris-RZR-4-seater.webp","datePublished":"2025-11-24T15:37:50+00:00","breadcrumb":{"@id":"https:\/\/cobradunesdxb.com\/fr\/produit\/safari-de-luxe-dans-le-desert-balade-en-polaris-4-places-30-min\/#breadcrumb"},"inLanguage":"fr-FR","potentialAction":[{"@type":"ReadAction","target":["https:\/\/cobradunesdxb.com\/fr\/produit\/safari-de-luxe-dans-le-desert-balade-en-polaris-4-places-30-min\/"]}]},{"@type":"ImageObject","inLanguage":"fr-FR","@id":"https:\/\/cobradunesdxb.com\/fr\/produit\/safari-de-luxe-dans-le-desert-balade-en-polaris-4-places-30-min\/#primaryimage","url":"https:\/\/cobradunesdxb.com\/wp-content\/uploads\/2025\/11\/Polaris-RZR-4-seater.webp","contentUrl":"https:\/\/cobradunesdxb.com\/wp-content\/uploads\/2025\/11\/Polaris-RZR-4-seater.webp","width":1728,"height":1920},{"@type":"BreadcrumbList","@id":"https:\/\/cobradunesdxb.com\/fr\/produit\/safari-de-luxe-dans-le-desert-balade-en-polaris-4-places-30-min\/#breadcrumb","itemListElement":[{"@type":"ListItem","position":1,"name":"Home","item":"https:\/\/cobradunesdxb.com\/"},{"@type":"ListItem","position":2,"name":"Boutique","item":"https:\/\/cobradunesdxb.com\/fr\/boutique\/"},{"@type":"ListItem","position":3,"name":"Safari de luxe dans le d\u00e9sert + balade en Polaris 4 places (30 min)"}]},{"@type":"WebSite","@id":"https:\/\/cobradunesdxb.com\/#website","url":"https:\/\/cobradunesdxb.com\/","name":"Cobra Dunes","description":"Premium Desert Experiences","publisher":{"@id":"https:\/\/cobradunesdxb.com\/#organization"},"potentialAction":[{"@type":"SearchAction","target":{"@type":"EntryPoint","urlTemplate":"https:\/\/cobradunesdxb.com\/?s={search_term_string}"},"query-input":{"@type":"PropertyValueSpecification","valueRequired":true,"valueName":"search_term_string"}}],"inLanguage":"fr-FR"},{"@type":"Organization","@id":"https:\/\/cobradunesdxb.com\/#organization","name":"Cobra Dunes","url":"https:\/\/cobradunesdxb.com\/","logo":{"@type":"ImageObject","inLanguage":"fr-FR","@id":"https:\/\/cobradunesdxb.com\/#\/schema\/logo\/image\/","url":"https:\/\/cobradunesdxb.com\/wp-content\/uploads\/2025\/11\/cropped-CobraDunes-logo1.webp","contentUrl":"https:\/\/cobradunesdxb.com\/wp-content\/uploads\/2025\/11\/cropped-CobraDunes-logo1.webp","width":494,"height":405,"caption":"Cobra Dunes"},"image":{"@id":"https:\/\/cobradunesdxb.com\/#\/schema\/logo\/image\/"}}]}},"_links":{"self":[{"href":"https:\/\/cobradunesdxb.com\/fr\/wp-json\/wp\/v2\/product\/7504","targetHints":{"allow":["GET"]}}],"collection":[{"href":"https:\/\/cobradunesdxb.com\/fr\/wp-json\/wp\/v2\/product"}],"about":[{"href":"https:\/\/cobradunesdxb.com\/fr\/wp-json\/wp\/v2\/types\/product"}],"wp:featuredmedia":[{"embeddable":true,"href":"https:\/\/cobradunesdxb.com\/fr\/wp-json\/wp\/v2\/media\/7232"}],"wp:attachment":[{"href":"https:\/\/cobradunesdxb.com\/fr\/wp-json\/wp\/v2\/media?parent=7504"}],"wp:term":[{"taxonomy":"product_brand","embeddable":true,"href":"https:\/\/cobradunesdxb.com\/fr\/wp-json\/wp\/v2\/product_brand?post=7504"},{"taxonomy":"product_cat","embeddable":true,"href":"https:\/\/cobradunesdxb.com\/fr\/wp-json\/wp\/v2\/product_cat?post=7504"},{"taxonomy":"product_tag","embeddable":true,"href":"https:\/\/cobradunesdxb.com\/fr\/wp-json\/wp\/v2\/product_tag?post=7504"}],"curies":[{"name":"wp","href":"https:\/\/api.w.org\/{rel}","templated":true}]}}