{"id":7518,"date":"2025-11-24T19:50:51","date_gmt":"2025-11-24T15:50:51","guid":{"rendered":"https:\/\/cobradunesdxb.com\/safari-de-lujo-por-el-desierto-paseo-en-can-am-de-4-plazas-1-hora\/"},"modified":"2025-11-24T19:50:51","modified_gmt":"2025-11-24T15:50:51","slug":"safari-de-lujo-por-el-desierto-paseo-en-can-am-de-4-plazas-1-hora","status":"publish","type":"product","link":"https:\/\/cobradunesdxb.com\/es\/producto\/safari-de-lujo-por-el-desierto-paseo-en-can-am-de-4-plazas-1-hora\/","title":{"rendered":"Safari de lujo por el desierto + paseo en Can-Am de 4 plazas (1 hora)"},"content":{"rendered":"<p>Esta aventura llena de acci\u00f3n combina emoci\u00f3n e inmersi\u00f3n cultural, ofreci\u00e9ndote lo mejor de ambos mundos. Recorre paisajes impresionantes, disfruta de actividades llenas de adrenalina y rel\u00e1jate en un campamento beduino tradicional para una noche inolvidable. Tanto para aventureros como para amantes de la cultura, nuestra experiencia de <strong>safari por el desierto de Dub\u00e1i<\/strong> promete recuerdos inolvidables.  <\/p>\n<p><span style=\"font-weight: 400;\">Recogida de lujo<\/span> <span style=\"font-weight: 400;\">de 14:15 a 14:45<\/span>: <span style=\"font-weight: 400;\">Le recogeremos en su hotel o residencia en un Land Cruiser 4&#215;4 de lujo o en un veh\u00edculo privado. Disfrute de un c\u00f3modo viaje por los pintorescos paisajes des\u00e9rticos de Dub\u00e1i.<\/span><\/p>\n<p><span style=\"font-weight: 400;\">Experimente una sesi\u00f3n de dunas llena de adrenalina dirigida por conductores profesionales, seguida de una parada para tomar fotograf\u00edas en las dunas doradas para capturar las impresionantes vistas del desierto.<\/span><\/p>\n<p><span style=\"font-weight: 400;\">\ud83c\udfdc\ufe0f<\/span><span style=\"font-weight: 400;\">\u26fa\ufe0f<\/span><span style=\"font-weight: 400;\"> <\/span><span style=\"font-weight: 400;\">Llegada a nuestro exclusivo campamento premium en el desierto.<\/span> <span style=\"font-weight: 400;\">Disfrute de un paseo en camello<\/span> <span style=\"font-weight: 400;\">mientras saborea caf\u00e9 \u00e1rabe<\/span> <span style=\"font-weight: 400;\">y d\u00e1tiles<\/span>. <span style=\"font-weight: 400;\">Rel\u00e1jese y disfrute de bebidas y aperitivos premium.<\/span><\/p>\n<p><span style=\"font-weight: 400;\">\ud83e\udd57<\/span> <span style=\"font-weight: 400;\">Ensaladas \u00e1rabes<\/span> <span style=\"font-weight: 400;\"> <\/span><span style=\"font-weight: 400;\">\ud83c\udf7d\ufe0f<\/span><span style=\"font-weight: 400;\">\ud83c\udf56<\/span> <span style=\"font-weight: 400;\">Barbacoa Gourmet en Vivo, Cena Premium y Entretenimiento en Vivo.<\/span> <span style=\"font-weight: 400;\">Disfrute de un buffet de 5 estrellas y una cena barbacoa. Elija entre una variedad de platos internacionales y \u00e1rabes<\/span>, <span style=\"font-weight: 400;\">postres y frutas,<\/span> <span style=\"font-weight: 400;\">adem\u00e1s de refrescos<\/span> <span style=\"font-weight: 400;\">y agua ilimitados.<\/span><\/p>\n<p>Disfrute de espect\u00e1culos en vivo de clase mundial que incluyen: danza local \u00e1rabe, espect\u00e1culo de danza del vientre, espect\u00e1culo de fuego, danza tanoura y tatuajes de henna (peque\u00f1os).<\/p>\n<p>Regreso al hotel 10:00 PM \u2013 10:30 PM: Su conductor lo acompa\u00f1ar\u00e1 de regreso a su hotel o residencia despu\u00e9s de una noche inolvidable de lujo y aventura.<\/p>\n","protected":false},"excerpt":{"rendered":"<p>Esta aventura llena de acci\u00f3n combina emoci\u00f3n e inmersi\u00f3n cultural, ofreci\u00e9ndote lo mejor de ambos mundos. Recorre paisajes impresionantes, disfruta de actividades llenas de adrenalina y rel\u00e1jate en un campamento beduino tradicional para una noche inolvidable. Tanto para aventureros como para amantes de la cultura, nuestra experiencia de safari por el desierto de Dub\u00e1i promete [&hellip;]<\/p>\n","protected":false},"featured_media":386,"template":"","meta":{"_acf_changed":false},"product_brand":[],"product_cat":[95],"product_tag":[],"class_list":{"0":"post-7518","1":"product","2":"type-product","3":"status-publish","4":"has-post-thumbnail","6":"product_cat-safari-por-el-desierto","7":"pa_desert-safari-type-de-lujo-can-am","9":"first","10":"instock","11":"virtual","12":"sold-individually","13":"taxable","14":"purchasable","15":"product-type-booking"},"acf":[],"yoast_head":"<!-- This site is optimized with the Yoast SEO plugin v26.8 - https:\/\/yoast.com\/product\/yoast-seo-wordpress\/ -->\n<title>Safari de lujo por el desierto + paseo en Can-Am de 4 plazas (1 hora) - Cobra Dunes<\/title>\n<meta name=\"robots\" content=\"index, follow, max-snippet:-1, max-image-preview:large, max-video-preview:-1\" \/>\n<link rel=\"canonical\" href=\"https:\/\/cobradunesdxb.com\/es\/producto\/safari-de-lujo-por-el-desierto-paseo-en-can-am-de-4-plazas-1-hora\/\" \/>\n<meta property=\"og:locale\" content=\"es_ES\" \/>\n<meta property=\"og:type\" content=\"article\" \/>\n<meta property=\"og:title\" content=\"Safari de lujo por el desierto + paseo en Can-Am de 4 plazas (1 hora) - Cobra Dunes\" \/>\n<meta property=\"og:description\" content=\"Esta aventura llena de acci\u00f3n combina emoci\u00f3n e inmersi\u00f3n cultural, ofreci\u00e9ndote lo mejor de ambos mundos. Recorre paisajes impresionantes, disfruta de actividades llenas de adrenalina y rel\u00e1jate en un campamento beduino tradicional para una noche inolvidable. Tanto para aventureros como para amantes de la cultura, nuestra experiencia de safari por el desierto de Dub\u00e1i promete [&hellip;]\" \/>\n<meta property=\"og:url\" content=\"https:\/\/cobradunesdxb.com\/es\/producto\/safari-de-lujo-por-el-desierto-paseo-en-can-am-de-4-plazas-1-hora\/\" \/>\n<meta property=\"og:site_name\" content=\"Cobra Dunes\" \/>\n<meta property=\"og:image\" content=\"https:\/\/cobradunesdxb.com\/wp-content\/uploads\/2025\/11\/desert-buggy-experience.webp\" \/>\n\t<meta property=\"og:image:width\" content=\"1600\" \/>\n\t<meta property=\"og:image:height\" content=\"1067\" \/>\n\t<meta property=\"og:image:type\" content=\"image\/webp\" \/>\n<meta name=\"twitter:card\" content=\"summary_large_image\" \/>\n<meta name=\"twitter:label1\" content=\"Tiempo de lectura\" \/>\n\t<meta name=\"twitter:data1\" content=\"1 minuto\" \/>\n<script type=\"application\/ld+json\" class=\"yoast-schema-graph\">{\"@context\":\"https:\/\/schema.org\",\"@graph\":[{\"@type\":\"WebPage\",\"@id\":\"https:\/\/cobradunesdxb.com\/es\/producto\/safari-de-lujo-por-el-desierto-paseo-en-can-am-de-4-plazas-1-hora\/\",\"url\":\"https:\/\/cobradunesdxb.com\/es\/producto\/safari-de-lujo-por-el-desierto-paseo-en-can-am-de-4-plazas-1-hora\/\",\"name\":\"Safari de lujo por el desierto + paseo en Can-Am de 4 plazas (1 hora) - Cobra Dunes\",\"isPartOf\":{\"@id\":\"https:\/\/cobradunesdxb.com\/#website\"},\"primaryImageOfPage\":{\"@id\":\"https:\/\/cobradunesdxb.com\/es\/producto\/safari-de-lujo-por-el-desierto-paseo-en-can-am-de-4-plazas-1-hora\/#primaryimage\"},\"image\":{\"@id\":\"https:\/\/cobradunesdxb.com\/es\/producto\/safari-de-lujo-por-el-desierto-paseo-en-can-am-de-4-plazas-1-hora\/#primaryimage\"},\"thumbnailUrl\":\"https:\/\/cobradunesdxb.com\/wp-content\/uploads\/2025\/11\/desert-buggy-experience.webp\",\"datePublished\":\"2025-11-24T15:50:51+00:00\",\"breadcrumb\":{\"@id\":\"https:\/\/cobradunesdxb.com\/es\/producto\/safari-de-lujo-por-el-desierto-paseo-en-can-am-de-4-plazas-1-hora\/#breadcrumb\"},\"inLanguage\":\"es\",\"potentialAction\":[{\"@type\":\"ReadAction\",\"target\":[\"https:\/\/cobradunesdxb.com\/es\/producto\/safari-de-lujo-por-el-desierto-paseo-en-can-am-de-4-plazas-1-hora\/\"]}]},{\"@type\":\"ImageObject\",\"inLanguage\":\"es\",\"@id\":\"https:\/\/cobradunesdxb.com\/es\/producto\/safari-de-lujo-por-el-desierto-paseo-en-can-am-de-4-plazas-1-hora\/#primaryimage\",\"url\":\"https:\/\/cobradunesdxb.com\/wp-content\/uploads\/2025\/11\/desert-buggy-experience.webp\",\"contentUrl\":\"https:\/\/cobradunesdxb.com\/wp-content\/uploads\/2025\/11\/desert-buggy-experience.webp\",\"width\":1600,\"height\":1067},{\"@type\":\"BreadcrumbList\",\"@id\":\"https:\/\/cobradunesdxb.com\/es\/producto\/safari-de-lujo-por-el-desierto-paseo-en-can-am-de-4-plazas-1-hora\/#breadcrumb\",\"itemListElement\":[{\"@type\":\"ListItem\",\"position\":1,\"name\":\"Home\",\"item\":\"https:\/\/cobradunesdxb.com\/\"},{\"@type\":\"ListItem\",\"position\":2,\"name\":\"Tienda\",\"item\":\"https:\/\/cobradunesdxb.com\/es\/tienda\/\"},{\"@type\":\"ListItem\",\"position\":3,\"name\":\"Safari de lujo por el desierto + paseo en Can-Am de 4 plazas (1 hora)\"}]},{\"@type\":\"WebSite\",\"@id\":\"https:\/\/cobradunesdxb.com\/#website\",\"url\":\"https:\/\/cobradunesdxb.com\/\",\"name\":\"Cobra Dunes\",\"description\":\"Premium Desert Experiences\",\"publisher\":{\"@id\":\"https:\/\/cobradunesdxb.com\/#organization\"},\"potentialAction\":[{\"@type\":\"SearchAction\",\"target\":{\"@type\":\"EntryPoint\",\"urlTemplate\":\"https:\/\/cobradunesdxb.com\/?s={search_term_string}\"},\"query-input\":{\"@type\":\"PropertyValueSpecification\",\"valueRequired\":true,\"valueName\":\"search_term_string\"}}],\"inLanguage\":\"es\"},{\"@type\":\"Organization\",\"@id\":\"https:\/\/cobradunesdxb.com\/#organization\",\"name\":\"Cobra Dunes\",\"url\":\"https:\/\/cobradunesdxb.com\/\",\"logo\":{\"@type\":\"ImageObject\",\"inLanguage\":\"es\",\"@id\":\"https:\/\/cobradunesdxb.com\/#\/schema\/logo\/image\/\",\"url\":\"https:\/\/cobradunesdxb.com\/wp-content\/uploads\/2025\/11\/cropped-CobraDunes-logo1.webp\",\"contentUrl\":\"https:\/\/cobradunesdxb.com\/wp-content\/uploads\/2025\/11\/cropped-CobraDunes-logo1.webp\",\"width\":494,\"height\":405,\"caption\":\"Cobra Dunes\"},\"image\":{\"@id\":\"https:\/\/cobradunesdxb.com\/#\/schema\/logo\/image\/\"}}]}<\/script>\n<!-- \/ Yoast SEO plugin. -->","yoast_head_json":{"title":"Safari de lujo por el desierto + paseo en Can-Am de 4 plazas (1 hora) - Cobra Dunes","robots":{"index":"index","follow":"follow","max-snippet":"max-snippet:-1","max-image-preview":"max-image-preview:large","max-video-preview":"max-video-preview:-1"},"canonical":"https:\/\/cobradunesdxb.com\/es\/producto\/safari-de-lujo-por-el-desierto-paseo-en-can-am-de-4-plazas-1-hora\/","og_locale":"es_ES","og_type":"article","og_title":"Safari de lujo por el desierto + paseo en Can-Am de 4 plazas (1 hora) - Cobra Dunes","og_description":"Esta aventura llena de acci\u00f3n combina emoci\u00f3n e inmersi\u00f3n cultural, ofreci\u00e9ndote lo mejor de ambos mundos. Recorre paisajes impresionantes, disfruta de actividades llenas de adrenalina y rel\u00e1jate en un campamento beduino tradicional para una noche inolvidable. Tanto para aventureros como para amantes de la cultura, nuestra experiencia de safari por el desierto de Dub\u00e1i promete [&hellip;]","og_url":"https:\/\/cobradunesdxb.com\/es\/producto\/safari-de-lujo-por-el-desierto-paseo-en-can-am-de-4-plazas-1-hora\/","og_site_name":"Cobra Dunes","og_image":[{"width":1600,"height":1067,"url":"https:\/\/cobradunesdxb.com\/wp-content\/uploads\/2025\/11\/desert-buggy-experience.webp","type":"image\/webp"}],"twitter_card":"summary_large_image","twitter_misc":{"Tiempo de lectura":"1 minuto"},"schema":{"@context":"https:\/\/schema.org","@graph":[{"@type":"WebPage","@id":"https:\/\/cobradunesdxb.com\/es\/producto\/safari-de-lujo-por-el-desierto-paseo-en-can-am-de-4-plazas-1-hora\/","url":"https:\/\/cobradunesdxb.com\/es\/producto\/safari-de-lujo-por-el-desierto-paseo-en-can-am-de-4-plazas-1-hora\/","name":"Safari de lujo por el desierto + paseo en Can-Am de 4 plazas (1 hora) - Cobra Dunes","isPartOf":{"@id":"https:\/\/cobradunesdxb.com\/#website"},"primaryImageOfPage":{"@id":"https:\/\/cobradunesdxb.com\/es\/producto\/safari-de-lujo-por-el-desierto-paseo-en-can-am-de-4-plazas-1-hora\/#primaryimage"},"image":{"@id":"https:\/\/cobradunesdxb.com\/es\/producto\/safari-de-lujo-por-el-desierto-paseo-en-can-am-de-4-plazas-1-hora\/#primaryimage"},"thumbnailUrl":"https:\/\/cobradunesdxb.com\/wp-content\/uploads\/2025\/11\/desert-buggy-experience.webp","datePublished":"2025-11-24T15:50:51+00:00","breadcrumb":{"@id":"https:\/\/cobradunesdxb.com\/es\/producto\/safari-de-lujo-por-el-desierto-paseo-en-can-am-de-4-plazas-1-hora\/#breadcrumb"},"inLanguage":"es","potentialAction":[{"@type":"ReadAction","target":["https:\/\/cobradunesdxb.com\/es\/producto\/safari-de-lujo-por-el-desierto-paseo-en-can-am-de-4-plazas-1-hora\/"]}]},{"@type":"ImageObject","inLanguage":"es","@id":"https:\/\/cobradunesdxb.com\/es\/producto\/safari-de-lujo-por-el-desierto-paseo-en-can-am-de-4-plazas-1-hora\/#primaryimage","url":"https:\/\/cobradunesdxb.com\/wp-content\/uploads\/2025\/11\/desert-buggy-experience.webp","contentUrl":"https:\/\/cobradunesdxb.com\/wp-content\/uploads\/2025\/11\/desert-buggy-experience.webp","width":1600,"height":1067},{"@type":"BreadcrumbList","@id":"https:\/\/cobradunesdxb.com\/es\/producto\/safari-de-lujo-por-el-desierto-paseo-en-can-am-de-4-plazas-1-hora\/#breadcrumb","itemListElement":[{"@type":"ListItem","position":1,"name":"Home","item":"https:\/\/cobradunesdxb.com\/"},{"@type":"ListItem","position":2,"name":"Tienda","item":"https:\/\/cobradunesdxb.com\/es\/tienda\/"},{"@type":"ListItem","position":3,"name":"Safari de lujo por el desierto + paseo en Can-Am de 4 plazas (1 hora)"}]},{"@type":"WebSite","@id":"https:\/\/cobradunesdxb.com\/#website","url":"https:\/\/cobradunesdxb.com\/","name":"Cobra Dunes","description":"Premium Desert Experiences","publisher":{"@id":"https:\/\/cobradunesdxb.com\/#organization"},"potentialAction":[{"@type":"SearchAction","target":{"@type":"EntryPoint","urlTemplate":"https:\/\/cobradunesdxb.com\/?s={search_term_string}"},"query-input":{"@type":"PropertyValueSpecification","valueRequired":true,"valueName":"search_term_string"}}],"inLanguage":"es"},{"@type":"Organization","@id":"https:\/\/cobradunesdxb.com\/#organization","name":"Cobra Dunes","url":"https:\/\/cobradunesdxb.com\/","logo":{"@type":"ImageObject","inLanguage":"es","@id":"https:\/\/cobradunesdxb.com\/#\/schema\/logo\/image\/","url":"https:\/\/cobradunesdxb.com\/wp-content\/uploads\/2025\/11\/cropped-CobraDunes-logo1.webp","contentUrl":"https:\/\/cobradunesdxb.com\/wp-content\/uploads\/2025\/11\/cropped-CobraDunes-logo1.webp","width":494,"height":405,"caption":"Cobra Dunes"},"image":{"@id":"https:\/\/cobradunesdxb.com\/#\/schema\/logo\/image\/"}}]}},"_links":{"self":[{"href":"https:\/\/cobradunesdxb.com\/es\/wp-json\/wp\/v2\/product\/7518","targetHints":{"allow":["GET"]}}],"collection":[{"href":"https:\/\/cobradunesdxb.com\/es\/wp-json\/wp\/v2\/product"}],"about":[{"href":"https:\/\/cobradunesdxb.com\/es\/wp-json\/wp\/v2\/types\/product"}],"wp:featuredmedia":[{"embeddable":true,"href":"https:\/\/cobradunesdxb.com\/es\/wp-json\/wp\/v2\/media\/386"}],"wp:attachment":[{"href":"https:\/\/cobradunesdxb.com\/es\/wp-json\/wp\/v2\/media?parent=7518"}],"wp:term":[{"taxonomy":"product_brand","embeddable":true,"href":"https:\/\/cobradunesdxb.com\/es\/wp-json\/wp\/v2\/product_brand?post=7518"},{"taxonomy":"product_cat","embeddable":true,"href":"https:\/\/cobradunesdxb.com\/es\/wp-json\/wp\/v2\/product_cat?post=7518"},{"taxonomy":"product_tag","embeddable":true,"href":"https:\/\/cobradunesdxb.com\/es\/wp-json\/wp\/v2\/product_tag?post=7518"}],"curies":[{"name":"wp","href":"https:\/\/api.w.org\/{rel}","templated":true}]}}