{"id":7484,"date":"2025-11-24T15:31:19","date_gmt":"2025-11-24T11:31:19","guid":{"rendered":"https:\/\/cobradunesdxb.com\/safari-regular-por-el-desierto-paseo-en-can-am-de-4-plazas-1-hora\/"},"modified":"2025-11-24T15:31:19","modified_gmt":"2025-11-24T11:31:19","slug":"safari-regular-por-el-desierto-paseo-en-can-am-de-4-plazas-1-hora","status":"publish","type":"product","link":"https:\/\/cobradunesdxb.com\/es\/producto\/safari-regular-por-el-desierto-paseo-en-can-am-de-4-plazas-1-hora\/","title":{"rendered":"Safari regular por el desierto + paseo en Can-Am de 4 plazas (1 hora)"},"content":{"rendered":"<p>Esta aventura llena de acci\u00f3n combina emoci\u00f3n e inmersi\u00f3n cultural, ofreci\u00e9ndote lo mejor de ambos mundos. Recorre paisajes impresionantes, disfruta de actividades llenas de adrenalina y rel\u00e1jate en un campamento beduino tradicional para una noche inolvidable. Tanto para aventureros como para amantes de la cultura, nuestra experiencia de <strong>safari por el desierto de Dub\u00e1i<\/strong> promete recuerdos inolvidables.  <\/p>\n","protected":false},"excerpt":{"rendered":"<p>Esta aventura llena de acci\u00f3n combina emoci\u00f3n e inmersi\u00f3n cultural, ofreci\u00e9ndote lo mejor de ambos mundos. Recorre paisajes impresionantes, disfruta de actividades llenas de adrenalina y rel\u00e1jate en un campamento beduino tradicional para una noche inolvidable. Tanto para aventureros como para amantes de la cultura, nuestra experiencia de safari por el desierto de Dub\u00e1i promete [&hellip;]<\/p>\n","protected":false},"featured_media":6426,"template":"","meta":{"_acf_changed":false},"product_brand":[],"product_cat":[95],"product_tag":[],"class_list":{"0":"post-7484","1":"product","2":"type-product","3":"status-publish","4":"has-post-thumbnail","6":"product_cat-safari-por-el-desierto","7":"pa_desert-safari-type-regular-can-am","9":"first","10":"instock","11":"virtual","12":"sold-individually","13":"taxable","14":"purchasable","15":"product-type-booking"},"acf":[],"yoast_head":"<!-- This site is optimized with the Yoast SEO plugin v26.8 - https:\/\/yoast.com\/product\/yoast-seo-wordpress\/ -->\n<title>Safari regular por el desierto + paseo en Can-Am de 4 plazas (1 hora) - Cobra Dunes<\/title>\n<meta name=\"robots\" content=\"index, follow, max-snippet:-1, max-image-preview:large, max-video-preview:-1\" \/>\n<link rel=\"canonical\" href=\"https:\/\/cobradunesdxb.com\/es\/producto\/safari-regular-por-el-desierto-paseo-en-can-am-de-4-plazas-1-hora\/\" \/>\n<meta property=\"og:locale\" content=\"es_ES\" \/>\n<meta property=\"og:type\" content=\"article\" \/>\n<meta property=\"og:title\" content=\"Safari regular por el desierto + paseo en Can-Am de 4 plazas (1 hora) - Cobra Dunes\" \/>\n<meta property=\"og:description\" content=\"Esta aventura llena de acci\u00f3n combina emoci\u00f3n e inmersi\u00f3n cultural, ofreci\u00e9ndote lo mejor de ambos mundos. Recorre paisajes impresionantes, disfruta de actividades llenas de adrenalina y rel\u00e1jate en un campamento beduino tradicional para una noche inolvidable. Tanto para aventureros como para amantes de la cultura, nuestra experiencia de safari por el desierto de Dub\u00e1i promete [&hellip;]\" \/>\n<meta property=\"og:url\" content=\"https:\/\/cobradunesdxb.com\/es\/producto\/safari-regular-por-el-desierto-paseo-en-can-am-de-4-plazas-1-hora\/\" \/>\n<meta property=\"og:site_name\" content=\"Cobra Dunes\" \/>\n<meta property=\"og:image\" content=\"https:\/\/cobradunesdxb.com\/wp-content\/uploads\/2025\/12\/DSC09867-1.webp\" \/>\n\t<meta property=\"og:image:width\" content=\"1920\" \/>\n\t<meta property=\"og:image:height\" content=\"1280\" \/>\n\t<meta property=\"og:image:type\" content=\"image\/webp\" \/>\n<meta name=\"twitter:card\" content=\"summary_large_image\" \/>\n<script type=\"application\/ld+json\" class=\"yoast-schema-graph\">{\"@context\":\"https:\/\/schema.org\",\"@graph\":[{\"@type\":\"WebPage\",\"@id\":\"https:\/\/cobradunesdxb.com\/es\/producto\/safari-regular-por-el-desierto-paseo-en-can-am-de-4-plazas-1-hora\/\",\"url\":\"https:\/\/cobradunesdxb.com\/es\/producto\/safari-regular-por-el-desierto-paseo-en-can-am-de-4-plazas-1-hora\/\",\"name\":\"Safari regular por el desierto + paseo en Can-Am de 4 plazas (1 hora) - Cobra Dunes\",\"isPartOf\":{\"@id\":\"https:\/\/cobradunesdxb.com\/#website\"},\"primaryImageOfPage\":{\"@id\":\"https:\/\/cobradunesdxb.com\/es\/producto\/safari-regular-por-el-desierto-paseo-en-can-am-de-4-plazas-1-hora\/#primaryimage\"},\"image\":{\"@id\":\"https:\/\/cobradunesdxb.com\/es\/producto\/safari-regular-por-el-desierto-paseo-en-can-am-de-4-plazas-1-hora\/#primaryimage\"},\"thumbnailUrl\":\"https:\/\/cobradunesdxb.com\/wp-content\/uploads\/2025\/12\/DSC09867-1.webp\",\"datePublished\":\"2025-11-24T11:31:19+00:00\",\"breadcrumb\":{\"@id\":\"https:\/\/cobradunesdxb.com\/es\/producto\/safari-regular-por-el-desierto-paseo-en-can-am-de-4-plazas-1-hora\/#breadcrumb\"},\"inLanguage\":\"es\",\"potentialAction\":[{\"@type\":\"ReadAction\",\"target\":[\"https:\/\/cobradunesdxb.com\/es\/producto\/safari-regular-por-el-desierto-paseo-en-can-am-de-4-plazas-1-hora\/\"]}]},{\"@type\":\"ImageObject\",\"inLanguage\":\"es\",\"@id\":\"https:\/\/cobradunesdxb.com\/es\/producto\/safari-regular-por-el-desierto-paseo-en-can-am-de-4-plazas-1-hora\/#primaryimage\",\"url\":\"https:\/\/cobradunesdxb.com\/wp-content\/uploads\/2025\/12\/DSC09867-1.webp\",\"contentUrl\":\"https:\/\/cobradunesdxb.com\/wp-content\/uploads\/2025\/12\/DSC09867-1.webp\",\"width\":1920,\"height\":1280},{\"@type\":\"BreadcrumbList\",\"@id\":\"https:\/\/cobradunesdxb.com\/es\/producto\/safari-regular-por-el-desierto-paseo-en-can-am-de-4-plazas-1-hora\/#breadcrumb\",\"itemListElement\":[{\"@type\":\"ListItem\",\"position\":1,\"name\":\"Home\",\"item\":\"https:\/\/cobradunesdxb.com\/\"},{\"@type\":\"ListItem\",\"position\":2,\"name\":\"Tienda\",\"item\":\"https:\/\/cobradunesdxb.com\/es\/tienda\/\"},{\"@type\":\"ListItem\",\"position\":3,\"name\":\"Safari regular por el desierto + paseo en Can-Am de 4 plazas (1 hora)\"}]},{\"@type\":\"WebSite\",\"@id\":\"https:\/\/cobradunesdxb.com\/#website\",\"url\":\"https:\/\/cobradunesdxb.com\/\",\"name\":\"Cobra Dunes\",\"description\":\"Premium Desert Experiences\",\"publisher\":{\"@id\":\"https:\/\/cobradunesdxb.com\/#organization\"},\"potentialAction\":[{\"@type\":\"SearchAction\",\"target\":{\"@type\":\"EntryPoint\",\"urlTemplate\":\"https:\/\/cobradunesdxb.com\/?s={search_term_string}\"},\"query-input\":{\"@type\":\"PropertyValueSpecification\",\"valueRequired\":true,\"valueName\":\"search_term_string\"}}],\"inLanguage\":\"es\"},{\"@type\":\"Organization\",\"@id\":\"https:\/\/cobradunesdxb.com\/#organization\",\"name\":\"Cobra Dunes\",\"url\":\"https:\/\/cobradunesdxb.com\/\",\"logo\":{\"@type\":\"ImageObject\",\"inLanguage\":\"es\",\"@id\":\"https:\/\/cobradunesdxb.com\/#\/schema\/logo\/image\/\",\"url\":\"https:\/\/cobradunesdxb.com\/wp-content\/uploads\/2025\/11\/cropped-CobraDunes-logo1.webp\",\"contentUrl\":\"https:\/\/cobradunesdxb.com\/wp-content\/uploads\/2025\/11\/cropped-CobraDunes-logo1.webp\",\"width\":494,\"height\":405,\"caption\":\"Cobra Dunes\"},\"image\":{\"@id\":\"https:\/\/cobradunesdxb.com\/#\/schema\/logo\/image\/\"}}]}<\/script>\n<!-- \/ Yoast SEO plugin. -->","yoast_head_json":{"title":"Safari regular por el desierto + paseo en Can-Am de 4 plazas (1 hora) - Cobra Dunes","robots":{"index":"index","follow":"follow","max-snippet":"max-snippet:-1","max-image-preview":"max-image-preview:large","max-video-preview":"max-video-preview:-1"},"canonical":"https:\/\/cobradunesdxb.com\/es\/producto\/safari-regular-por-el-desierto-paseo-en-can-am-de-4-plazas-1-hora\/","og_locale":"es_ES","og_type":"article","og_title":"Safari regular por el desierto + paseo en Can-Am de 4 plazas (1 hora) - Cobra Dunes","og_description":"Esta aventura llena de acci\u00f3n combina emoci\u00f3n e inmersi\u00f3n cultural, ofreci\u00e9ndote lo mejor de ambos mundos. Recorre paisajes impresionantes, disfruta de actividades llenas de adrenalina y rel\u00e1jate en un campamento beduino tradicional para una noche inolvidable. Tanto para aventureros como para amantes de la cultura, nuestra experiencia de safari por el desierto de Dub\u00e1i promete [&hellip;]","og_url":"https:\/\/cobradunesdxb.com\/es\/producto\/safari-regular-por-el-desierto-paseo-en-can-am-de-4-plazas-1-hora\/","og_site_name":"Cobra Dunes","og_image":[{"width":1920,"height":1280,"url":"https:\/\/cobradunesdxb.com\/wp-content\/uploads\/2025\/12\/DSC09867-1.webp","type":"image\/webp"}],"twitter_card":"summary_large_image","schema":{"@context":"https:\/\/schema.org","@graph":[{"@type":"WebPage","@id":"https:\/\/cobradunesdxb.com\/es\/producto\/safari-regular-por-el-desierto-paseo-en-can-am-de-4-plazas-1-hora\/","url":"https:\/\/cobradunesdxb.com\/es\/producto\/safari-regular-por-el-desierto-paseo-en-can-am-de-4-plazas-1-hora\/","name":"Safari regular por el desierto + paseo en Can-Am de 4 plazas (1 hora) - Cobra Dunes","isPartOf":{"@id":"https:\/\/cobradunesdxb.com\/#website"},"primaryImageOfPage":{"@id":"https:\/\/cobradunesdxb.com\/es\/producto\/safari-regular-por-el-desierto-paseo-en-can-am-de-4-plazas-1-hora\/#primaryimage"},"image":{"@id":"https:\/\/cobradunesdxb.com\/es\/producto\/safari-regular-por-el-desierto-paseo-en-can-am-de-4-plazas-1-hora\/#primaryimage"},"thumbnailUrl":"https:\/\/cobradunesdxb.com\/wp-content\/uploads\/2025\/12\/DSC09867-1.webp","datePublished":"2025-11-24T11:31:19+00:00","breadcrumb":{"@id":"https:\/\/cobradunesdxb.com\/es\/producto\/safari-regular-por-el-desierto-paseo-en-can-am-de-4-plazas-1-hora\/#breadcrumb"},"inLanguage":"es","potentialAction":[{"@type":"ReadAction","target":["https:\/\/cobradunesdxb.com\/es\/producto\/safari-regular-por-el-desierto-paseo-en-can-am-de-4-plazas-1-hora\/"]}]},{"@type":"ImageObject","inLanguage":"es","@id":"https:\/\/cobradunesdxb.com\/es\/producto\/safari-regular-por-el-desierto-paseo-en-can-am-de-4-plazas-1-hora\/#primaryimage","url":"https:\/\/cobradunesdxb.com\/wp-content\/uploads\/2025\/12\/DSC09867-1.webp","contentUrl":"https:\/\/cobradunesdxb.com\/wp-content\/uploads\/2025\/12\/DSC09867-1.webp","width":1920,"height":1280},{"@type":"BreadcrumbList","@id":"https:\/\/cobradunesdxb.com\/es\/producto\/safari-regular-por-el-desierto-paseo-en-can-am-de-4-plazas-1-hora\/#breadcrumb","itemListElement":[{"@type":"ListItem","position":1,"name":"Home","item":"https:\/\/cobradunesdxb.com\/"},{"@type":"ListItem","position":2,"name":"Tienda","item":"https:\/\/cobradunesdxb.com\/es\/tienda\/"},{"@type":"ListItem","position":3,"name":"Safari regular por el desierto + paseo en Can-Am de 4 plazas (1 hora)"}]},{"@type":"WebSite","@id":"https:\/\/cobradunesdxb.com\/#website","url":"https:\/\/cobradunesdxb.com\/","name":"Cobra Dunes","description":"Premium Desert Experiences","publisher":{"@id":"https:\/\/cobradunesdxb.com\/#organization"},"potentialAction":[{"@type":"SearchAction","target":{"@type":"EntryPoint","urlTemplate":"https:\/\/cobradunesdxb.com\/?s={search_term_string}"},"query-input":{"@type":"PropertyValueSpecification","valueRequired":true,"valueName":"search_term_string"}}],"inLanguage":"es"},{"@type":"Organization","@id":"https:\/\/cobradunesdxb.com\/#organization","name":"Cobra Dunes","url":"https:\/\/cobradunesdxb.com\/","logo":{"@type":"ImageObject","inLanguage":"es","@id":"https:\/\/cobradunesdxb.com\/#\/schema\/logo\/image\/","url":"https:\/\/cobradunesdxb.com\/wp-content\/uploads\/2025\/11\/cropped-CobraDunes-logo1.webp","contentUrl":"https:\/\/cobradunesdxb.com\/wp-content\/uploads\/2025\/11\/cropped-CobraDunes-logo1.webp","width":494,"height":405,"caption":"Cobra Dunes"},"image":{"@id":"https:\/\/cobradunesdxb.com\/#\/schema\/logo\/image\/"}}]}},"_links":{"self":[{"href":"https:\/\/cobradunesdxb.com\/es\/wp-json\/wp\/v2\/product\/7484","targetHints":{"allow":["GET"]}}],"collection":[{"href":"https:\/\/cobradunesdxb.com\/es\/wp-json\/wp\/v2\/product"}],"about":[{"href":"https:\/\/cobradunesdxb.com\/es\/wp-json\/wp\/v2\/types\/product"}],"wp:featuredmedia":[{"embeddable":true,"href":"https:\/\/cobradunesdxb.com\/es\/wp-json\/wp\/v2\/media\/6426"}],"wp:attachment":[{"href":"https:\/\/cobradunesdxb.com\/es\/wp-json\/wp\/v2\/media?parent=7484"}],"wp:term":[{"taxonomy":"product_brand","embeddable":true,"href":"https:\/\/cobradunesdxb.com\/es\/wp-json\/wp\/v2\/product_brand?post=7484"},{"taxonomy":"product_cat","embeddable":true,"href":"https:\/\/cobradunesdxb.com\/es\/wp-json\/wp\/v2\/product_cat?post=7484"},{"taxonomy":"product_tag","embeddable":true,"href":"https:\/\/cobradunesdxb.com\/es\/wp-json\/wp\/v2\/product_tag?post=7484"}],"curies":[{"name":"wp","href":"https:\/\/api.w.org\/{rel}","templated":true}]}}