{"id":7566,"date":"2025-03-06T14:46:09","date_gmt":"2025-03-06T10:46:09","guid":{"rendered":"https:\/\/cobradunesdxb.com\/politica-de-privacidad\/"},"modified":"2025-12-18T20:44:44","modified_gmt":"2025-12-18T16:44:44","slug":"politica-de-privacidad","status":"publish","type":"page","link":"https:\/\/cobradunesdxb.com\/es\/politica-de-privacidad\/","title":{"rendered":"Pol\u00edtica de privacidad"},"content":{"rendered":"\n<h1 class=\"wp-block-heading\"><strong>\ud83d\udcd8 AVISO LEGAL<\/strong><\/h1>\n\n<p>Nombre de la empresa: COBRA DUNES MOTORCYCLES RENTAL L.L.C<br\/>N.\u00b0 de licencia comercial: 1447840<br\/>N.\u00b0 de registro: 2482065<br\/>Domicilio social: 00000 \u2013 Al Madam \u2013 Sharjah \u2013 Emiratos \u00c1rabes Unidos<br\/>Correo electr\u00f3nico: <a>info@cobradunesdxb.com<\/a><br\/>Tel\u00e9fono: +971 50 537 1693<\/p>\n\n<p>COBRA DUNES MOTORCYCLES RENTAL L.L.C (\u201cCobra Dunes\u201d, \u201cnosotros\u201d, \u201cnuestro\u201d, \u201cnos\u201d) opera este sitio web y ofrece recorridos por el desierto, alquiler de buggies y motocicletas, experiencias de aventura y servicios para eventos dentro de los Emiratos \u00c1rabes Unidos.<\/p>\n\n<p>Al acceder a este sitio web, los usuarios aceptan cumplir con todas las leyes aplicables de los EAU y los t\u00e9rminos aqu\u00ed establecidos.<\/p>\n\n<hr class=\"wp-block-separator has-alpha-channel-opacity\"\/>\n\n<h1 class=\"wp-block-heading\"><strong>\ud83d\udcd8 POL\u00cdTICA DE PRIVACIDAD<\/strong><\/h1>\n\n<p><em>\u00daltima actualizaci\u00f3n: 12\/04\/2025<\/em><\/p>\n\n<h2 class=\"wp-block-heading\"><strong>1. Introducci\u00f3n<\/strong><\/h2>\n\n<p>Esta Pol\u00edtica de privacidad explica c\u00f3mo COBRA DUNES MOTORCYCLES RENTAL L.L.C (\u201cCobra Dunes\u201d, \u201cnosotros\u201d, \u201cnos\u201d) recopila, usa y protege su informaci\u00f3n personal cuando visita nuestro sitio web o realiza una reserva para nuestros tours o eventos.<\/p>\n\n<p>Nos comprometemos a salvaguardar su privacidad de acuerdo con los principios de protecci\u00f3n de datos de los EAU.<\/p>\n\n<hr class=\"wp-block-separator has-alpha-channel-opacity\"\/>\n\n<h2 class=\"wp-block-heading\"><strong>2. Informaci\u00f3n que recopilamos<\/strong><\/h2>\n\n<p>Podemos recopilar la siguiente informaci\u00f3n:<\/p>\n\n<h3 class=\"wp-block-heading\"><strong>2.1 Informaci\u00f3n personal<\/strong><\/h3>\n\n<ul class=\"wp-block-list\">\n<li>Nombre completo<\/li>\n\n\n\n<li>Direcci\u00f3n de correo electr\u00f3nico<\/li>\n\n\n\n<li>N\u00famero de tel\u00e9fono<\/li>\n\n\n\n<li>Detalles de facturaci\u00f3n<\/li>\n\n\n\n<li>Informaci\u00f3n de reservas y servicios seleccionados<\/li>\n<\/ul>\n\n<h3 class=\"wp-block-heading\"><strong>2.2 Datos recopilados autom\u00e1ticamente<\/strong><\/h3>\n\n<ul class=\"wp-block-list\">\n<li>Direcci\u00f3n IP<\/li>\n\n\n\n<li>Tipo de navegador<\/li>\n\n\n\n<li>Informaci\u00f3n del dispositivo<\/li>\n\n\n\n<li>Datos de uso e interacci\u00f3n (recopilados mediante Google Analytics o herramientas similares)<\/li>\n<\/ul>\n\n<hr class=\"wp-block-separator has-alpha-channel-opacity\"\/>\n\n<h2 class=\"wp-block-heading\"><strong>3. C\u00f3mo usamos su informaci\u00f3n<\/strong><\/h2>\n\n<p>Utilizamos sus datos para:<\/p>\n\n<ul class=\"wp-block-list\">\n<li>Procesar y confirmar reservas en l\u00ednea<\/li>\n\n\n\n<li>Ponernos en contacto con usted en relaci\u00f3n a su reserva<\/li>\n\n\n\n<li>Mejorar el rendimiento del sitio web y la experiencia del usuario<\/li>\n\n\n\n<li>Cumplir con las obligaciones legales en los EAU<\/li>\n<\/ul>\n\n<p><strong>No<\/strong> utilizamos sus datos con fines comerciales a menos que lo solicite expl\u00edcitamente.<\/p>\n\n<hr class=\"wp-block-separator has-alpha-channel-opacity\"\/>\n\n<h2 class=\"wp-block-heading\"><strong>4. Procesamiento de pagos<\/strong><\/h2>\n\n<p>Los pagos en l\u00ednea se procesan de forma segura a trav\u00e9s de <strong>Stripe <\/strong>o pasarelas de pago similares que cumplen con la normativa PCI.<br\/><strong>No almacenamos<\/strong> la informaci\u00f3n completa de su tarjeta de cr\u00e9dito en nuestros servidores.<\/p>\n\n<hr class=\"wp-block-separator has-alpha-channel-opacity\"\/>\n\n<h2 class=\"wp-block-heading\"><strong>5. Intercambio de datos<\/strong><\/h2>\n\n<p>Podemos compartir sus datos s\u00f3lo con:<\/p>\n\n<ul class=\"wp-block-list\">\n<li>Procesadores de pagos (Stripe)<\/li>\n\n\n\n<li>Proveedores de an\u00e1lisis (Google Analytics)<\/li>\n\n\n\n<li>Autoridades gubernamentales si as\u00ed lo exige la ley<\/li>\n<\/ul>\n\n<p>No vendemos, alquilamos ni distribuimos datos personales a terceros.<\/p>\n\n<hr class=\"wp-block-separator has-alpha-channel-opacity\"\/>\n\n<h2 class=\"wp-block-heading\"><strong>6. Seguridad de los datos<\/strong><\/h2>\n\n<p>Implementamos medidas t\u00e9cnicas y organizativas razonables para proteger sus datos contra acceso no autorizado, p\u00e9rdida o mal uso.<\/p>\n\n<hr class=\"wp-block-separator has-alpha-channel-opacity\"\/>\n\n<h2 class=\"wp-block-heading\"><strong>7. Retenci\u00f3n de datos<\/strong><\/h2>\n\n<p>Los datos personales se conservan solo durante el tiempo necesario para cumplir con las obligaciones de reserva o cumplir con los requisitos legales de los EAU.<\/p>\n\n<hr class=\"wp-block-separator has-alpha-channel-opacity\"\/>\n\n<h2 class=\"wp-block-heading\"><strong>8. Sus derechos<\/strong><\/h2>\n\n<p>Los usuarios pueden solicitar:<\/p>\n\n<ul class=\"wp-block-list\">\n<li>Acceso a su informaci\u00f3n personal<\/li>\n\n\n\n<li>Correcci\u00f3n de datos inexactos<\/li>\n\n\n\n<li>Eliminaci\u00f3n de su informaci\u00f3n cuando sea legalmente permisible<\/li>\n<\/ul>\n\n<p>Las solicitudes se pueden realizar a: <strong><a>info@cobradunesdxb.com<\/a><\/strong><\/p>\n\n<hr class=\"wp-block-separator has-alpha-channel-opacity\"\/>\n\n<h2 class=\"wp-block-heading\"><strong>9. Enlaces de terceros<\/strong><\/h2>\n\n<p>Nuestro sitio web puede incluir enlaces externos. No nos responsabilizamos del contenido ni de las pr\u00e1cticas de privacidad de sitios web de terceros. <\/p>\n\n<hr class=\"wp-block-separator has-alpha-channel-opacity\"\/>\n\n<h2 class=\"wp-block-heading\"><strong>10. Actualizaciones de esta Pol\u00edtica<\/strong><\/h2>\n\n<p>Podemos actualizar esta Pol\u00edtica de Privacidad peri\u00f3dicamente. Los cambios se publicar\u00e1n en esta p\u00e1gina. <\/p>\n\n<style>body {\nfont-family: var(--e-global-typography-accent-font-family);\n}\n<\/style>\n","protected":false},"excerpt":{"rendered":"<p>\ud83d\udcd8 AVISO LEGAL Nombre de la empresa: COBRA DUNES MOTORCYCLES RENTAL L.L.CN.\u00b0 de licencia comercial: 1447840N.\u00b0 de registro: 2482065Domicilio social: 00000 \u2013 Al Madam \u2013 Sharjah \u2013 Emiratos \u00c1rabes UnidosCorreo electr\u00f3nico: info@cobradunesdxb.comTel\u00e9fono: +971 50 537 1693 COBRA DUNES MOTORCYCLES RENTAL L.L.C (\u201cCobra Dunes\u201d, \u201cnosotros\u201d, \u201cnuestro\u201d, \u201cnos\u201d) opera este sitio web y ofrece recorridos por el [&hellip;]<\/p>\n","protected":false},"author":4,"featured_media":0,"parent":0,"menu_order":0,"comment_status":"closed","ping_status":"closed","template":"","meta":{"_acf_changed":false,"footnotes":""},"class_list":["post-7566","page","type-page","status-publish","hentry"],"acf":[],"yoast_head":"<!-- This site is optimized with the Yoast SEO plugin v26.8 - https:\/\/yoast.com\/product\/yoast-seo-wordpress\/ -->\n<title>Pol\u00edtica de privacidad - Cobra Dunes<\/title>\n<meta name=\"robots\" content=\"noindex, follow\" \/>\n<meta property=\"og:locale\" content=\"es_ES\" \/>\n<meta property=\"og:type\" content=\"article\" \/>\n<meta property=\"og:title\" content=\"Pol\u00edtica de privacidad - Cobra Dunes\" \/>\n<meta property=\"og:description\" content=\"\ud83d\udcd8 AVISO LEGAL Nombre de la empresa: COBRA DUNES MOTORCYCLES RENTAL L.L.CN.\u00b0 de licencia comercial: 1447840N.\u00b0 de registro: 2482065Domicilio social: 00000 \u2013 Al Madam \u2013 Sharjah \u2013 Emiratos \u00c1rabes UnidosCorreo electr\u00f3nico: info@cobradunesdxb.comTel\u00e9fono: +971 50 537 1693 COBRA DUNES MOTORCYCLES RENTAL L.L.C (\u201cCobra Dunes\u201d, \u201cnosotros\u201d, \u201cnuestro\u201d, \u201cnos\u201d) opera este sitio web y ofrece recorridos por el [&hellip;]\" \/>\n<meta property=\"og:url\" content=\"https:\/\/cobradunesdxb.com\/es\/politica-de-privacidad\/\" \/>\n<meta property=\"og:site_name\" content=\"Cobra Dunes\" \/>\n<meta property=\"article:modified_time\" content=\"2025-12-18T16:44:44+00:00\" \/>\n<meta name=\"twitter:card\" content=\"summary_large_image\" \/>\n<meta name=\"twitter:label1\" content=\"Tiempo de lectura\" \/>\n\t<meta name=\"twitter:data1\" content=\"3 minutos\" \/>\n<script type=\"application\/ld+json\" class=\"yoast-schema-graph\">{\"@context\":\"https:\/\/schema.org\",\"@graph\":[{\"@type\":\"WebPage\",\"@id\":\"https:\/\/cobradunesdxb.com\/es\/politica-de-privacidad\/\",\"url\":\"https:\/\/cobradunesdxb.com\/es\/politica-de-privacidad\/\",\"name\":\"Pol\u00edtica de privacidad - Cobra Dunes\",\"isPartOf\":{\"@id\":\"https:\/\/cobradunesdxb.com\/#website\"},\"datePublished\":\"2025-03-06T10:46:09+00:00\",\"dateModified\":\"2025-12-18T16:44:44+00:00\",\"breadcrumb\":{\"@id\":\"https:\/\/cobradunesdxb.com\/es\/politica-de-privacidad\/#breadcrumb\"},\"inLanguage\":\"es\",\"potentialAction\":[{\"@type\":\"ReadAction\",\"target\":[\"https:\/\/cobradunesdxb.com\/es\/politica-de-privacidad\/\"]}]},{\"@type\":\"BreadcrumbList\",\"@id\":\"https:\/\/cobradunesdxb.com\/es\/politica-de-privacidad\/#breadcrumb\",\"itemListElement\":[{\"@type\":\"ListItem\",\"position\":1,\"name\":\"Home\",\"item\":\"https:\/\/cobradunesdxb.com\/\"},{\"@type\":\"ListItem\",\"position\":2,\"name\":\"Pol\u00edtica de privacidad\"}]},{\"@type\":\"WebSite\",\"@id\":\"https:\/\/cobradunesdxb.com\/#website\",\"url\":\"https:\/\/cobradunesdxb.com\/\",\"name\":\"Cobra Dunes\",\"description\":\"Premium Desert Experiences\",\"publisher\":{\"@id\":\"https:\/\/cobradunesdxb.com\/#organization\"},\"potentialAction\":[{\"@type\":\"SearchAction\",\"target\":{\"@type\":\"EntryPoint\",\"urlTemplate\":\"https:\/\/cobradunesdxb.com\/?s={search_term_string}\"},\"query-input\":{\"@type\":\"PropertyValueSpecification\",\"valueRequired\":true,\"valueName\":\"search_term_string\"}}],\"inLanguage\":\"es\"},{\"@type\":\"Organization\",\"@id\":\"https:\/\/cobradunesdxb.com\/#organization\",\"name\":\"Cobra Dunes\",\"url\":\"https:\/\/cobradunesdxb.com\/\",\"logo\":{\"@type\":\"ImageObject\",\"inLanguage\":\"es\",\"@id\":\"https:\/\/cobradunesdxb.com\/#\/schema\/logo\/image\/\",\"url\":\"https:\/\/cobradunesdxb.com\/wp-content\/uploads\/2025\/11\/cropped-CobraDunes-logo1.webp\",\"contentUrl\":\"https:\/\/cobradunesdxb.com\/wp-content\/uploads\/2025\/11\/cropped-CobraDunes-logo1.webp\",\"width\":494,\"height\":405,\"caption\":\"Cobra Dunes\"},\"image\":{\"@id\":\"https:\/\/cobradunesdxb.com\/#\/schema\/logo\/image\/\"}}]}<\/script>\n<!-- \/ Yoast SEO plugin. -->","yoast_head_json":{"title":"Pol\u00edtica de privacidad - Cobra Dunes","robots":{"index":"noindex","follow":"follow"},"og_locale":"es_ES","og_type":"article","og_title":"Pol\u00edtica de privacidad - Cobra Dunes","og_description":"\ud83d\udcd8 AVISO LEGAL Nombre de la empresa: COBRA DUNES MOTORCYCLES RENTAL L.L.CN.\u00b0 de licencia comercial: 1447840N.\u00b0 de registro: 2482065Domicilio social: 00000 \u2013 Al Madam \u2013 Sharjah \u2013 Emiratos \u00c1rabes UnidosCorreo electr\u00f3nico: info@cobradunesdxb.comTel\u00e9fono: +971 50 537 1693 COBRA DUNES MOTORCYCLES RENTAL L.L.C (\u201cCobra Dunes\u201d, \u201cnosotros\u201d, \u201cnuestro\u201d, \u201cnos\u201d) opera este sitio web y ofrece recorridos por el [&hellip;]","og_url":"https:\/\/cobradunesdxb.com\/es\/politica-de-privacidad\/","og_site_name":"Cobra Dunes","article_modified_time":"2025-12-18T16:44:44+00:00","twitter_card":"summary_large_image","twitter_misc":{"Tiempo de lectura":"3 minutos"},"schema":{"@context":"https:\/\/schema.org","@graph":[{"@type":"WebPage","@id":"https:\/\/cobradunesdxb.com\/es\/politica-de-privacidad\/","url":"https:\/\/cobradunesdxb.com\/es\/politica-de-privacidad\/","name":"Pol\u00edtica de privacidad - Cobra Dunes","isPartOf":{"@id":"https:\/\/cobradunesdxb.com\/#website"},"datePublished":"2025-03-06T10:46:09+00:00","dateModified":"2025-12-18T16:44:44+00:00","breadcrumb":{"@id":"https:\/\/cobradunesdxb.com\/es\/politica-de-privacidad\/#breadcrumb"},"inLanguage":"es","potentialAction":[{"@type":"ReadAction","target":["https:\/\/cobradunesdxb.com\/es\/politica-de-privacidad\/"]}]},{"@type":"BreadcrumbList","@id":"https:\/\/cobradunesdxb.com\/es\/politica-de-privacidad\/#breadcrumb","itemListElement":[{"@type":"ListItem","position":1,"name":"Home","item":"https:\/\/cobradunesdxb.com\/"},{"@type":"ListItem","position":2,"name":"Pol\u00edtica de privacidad"}]},{"@type":"WebSite","@id":"https:\/\/cobradunesdxb.com\/#website","url":"https:\/\/cobradunesdxb.com\/","name":"Cobra Dunes","description":"Premium Desert Experiences","publisher":{"@id":"https:\/\/cobradunesdxb.com\/#organization"},"potentialAction":[{"@type":"SearchAction","target":{"@type":"EntryPoint","urlTemplate":"https:\/\/cobradunesdxb.com\/?s={search_term_string}"},"query-input":{"@type":"PropertyValueSpecification","valueRequired":true,"valueName":"search_term_string"}}],"inLanguage":"es"},{"@type":"Organization","@id":"https:\/\/cobradunesdxb.com\/#organization","name":"Cobra Dunes","url":"https:\/\/cobradunesdxb.com\/","logo":{"@type":"ImageObject","inLanguage":"es","@id":"https:\/\/cobradunesdxb.com\/#\/schema\/logo\/image\/","url":"https:\/\/cobradunesdxb.com\/wp-content\/uploads\/2025\/11\/cropped-CobraDunes-logo1.webp","contentUrl":"https:\/\/cobradunesdxb.com\/wp-content\/uploads\/2025\/11\/cropped-CobraDunes-logo1.webp","width":494,"height":405,"caption":"Cobra Dunes"},"image":{"@id":"https:\/\/cobradunesdxb.com\/#\/schema\/logo\/image\/"}}]}},"_links":{"self":[{"href":"https:\/\/cobradunesdxb.com\/es\/wp-json\/wp\/v2\/pages\/7566","targetHints":{"allow":["GET"]}}],"collection":[{"href":"https:\/\/cobradunesdxb.com\/es\/wp-json\/wp\/v2\/pages"}],"about":[{"href":"https:\/\/cobradunesdxb.com\/es\/wp-json\/wp\/v2\/types\/page"}],"author":[{"embeddable":true,"href":"https:\/\/cobradunesdxb.com\/es\/wp-json\/wp\/v2\/users\/4"}],"replies":[{"embeddable":true,"href":"https:\/\/cobradunesdxb.com\/es\/wp-json\/wp\/v2\/comments?post=7566"}],"version-history":[{"count":1,"href":"https:\/\/cobradunesdxb.com\/es\/wp-json\/wp\/v2\/pages\/7566\/revisions"}],"predecessor-version":[{"id":7567,"href":"https:\/\/cobradunesdxb.com\/es\/wp-json\/wp\/v2\/pages\/7566\/revisions\/7567"}],"wp:attachment":[{"href":"https:\/\/cobradunesdxb.com\/es\/wp-json\/wp\/v2\/media?parent=7566"}],"curies":[{"name":"wp","href":"https:\/\/api.w.org\/{rel}","templated":true}]}}